{"id":105,"date":"2024-08-06T19:59:11","date_gmt":"2024-08-06T22:59:11","guid":{"rendered":"https:\/\/saosebastiao.tur.br\/web\/?page_id=105"},"modified":"2024-08-07T15:20:37","modified_gmt":"2024-08-07T18:20:37","slug":"praia-da-jureia-em-sao-sebastiao","status":"publish","type":"page","link":"https:\/\/saosebastiao.tur.br\/web\/praia-da-jureia-em-sao-sebastiao\/","title":{"rendered":"Praia da Jur\u00e9ia em S\u00e3o Sebasti\u00e3o"},"content":{"rendered":"\n<p>A Praia da Jureia est\u00e1 distante 58 km do centro de S\u00e3o Sebasti\u00e3o e \u00a0no local, existem pontos para estacionamento e o acesso \u00e0 praia \u00e9 bem \u00e0 beira da pista. S\u00e3o 800 m. de praia cercada pela exuberante Mata Atl\u00e2ntica, muito procurada por quem aprecia privacidade e natureza.<br>A praia \u00e9 pequena e de tombo e no canto norte, uma lagoa de \u00e1guas avermelhadas \u00e9 completamente limpa e refrescante e que serve de abrigo para diversas aves em \u00e9pocas de migra\u00e7\u00e3o.<br>Da praia podemos avistar as Ilhas do Mont\u00e3o do Trigo e o Arquip\u00e9lago de Alcatrazes que formam um lindo cart\u00e3o postal. \u00a0<br><\/p>\n","protected":false},"excerpt":{"rendered":"<p>A Praia da Jureia est\u00e1 distante 58 km do centro de S\u00e3o Sebasti\u00e3o e \u00a0no local, existem pontos para estacionamento e o acesso \u00e0 praia \u00e9 bem \u00e0 beira da pista. S\u00e3o 800 m. de praia cercada pela exuberante Mata Atl\u00e2ntica, muito procurada por quem aprecia privacidade e natureza.A praia \u00e9 pequena e de tombo&#8230;<\/p>\n","protected":false},"author":1,"featured_media":0,"parent":0,"menu_order":0,"comment_status":"closed","ping_status":"closed","template":"","meta":{"_kadence_starter_templates_imported_post":false,"_kad_post_transparent":"","_kad_post_title":"","_kad_post_layout":"","_kad_post_sidebar_id":"","_kad_post_content_style":"","_kad_post_vertical_padding":"","_kad_post_feature":"","_kad_post_feature_position":"","_kad_post_header":false,"_kad_post_footer":false,"footnotes":""},"class_list":["post-105","page","type-page","status-publish","hentry"],"_links":{"self":[{"href":"https:\/\/saosebastiao.tur.br\/web\/wp-json\/wp\/v2\/pages\/105","targetHints":{"allow":["GET"]}}],"collection":[{"href":"https:\/\/saosebastiao.tur.br\/web\/wp-json\/wp\/v2\/pages"}],"about":[{"href":"https:\/\/saosebastiao.tur.br\/web\/wp-json\/wp\/v2\/types\/page"}],"author":[{"embeddable":true,"href":"https:\/\/saosebastiao.tur.br\/web\/wp-json\/wp\/v2\/users\/1"}],"replies":[{"embeddable":true,"href":"https:\/\/saosebastiao.tur.br\/web\/wp-json\/wp\/v2\/comments?post=105"}],"version-history":[{"count":3,"href":"https:\/\/saosebastiao.tur.br\/web\/wp-json\/wp\/v2\/pages\/105\/revisions"}],"predecessor-version":[{"id":145,"href":"https:\/\/saosebastiao.tur.br\/web\/wp-json\/wp\/v2\/pages\/105\/revisions\/145"}],"wp:attachment":[{"href":"https:\/\/saosebastiao.tur.br\/web\/wp-json\/wp\/v2\/media?parent=105"}],"curies":[{"name":"wp","href":"https:\/\/api.w.org\/{rel}","templated":true}]}}