{"id":220,"date":"2024-08-09T16:29:24","date_gmt":"2024-08-09T19:29:24","guid":{"rendered":"https:\/\/saosebastiao.tur.br\/web\/?page_id=220"},"modified":"2024-08-10T08:31:02","modified_gmt":"2024-08-10T11:31:02","slug":"hoteis-em-sao-sebastiao","status":"publish","type":"page","link":"https:\/\/saosebastiao.tur.br\/web\/hoteis-em-sao-sebastiao\/","title":{"rendered":"Hot\u00e9is em S\u00e3o Sebasti\u00e3o"},"content":{"rendered":"\n<p>Este \u00e9 seu guia de hot\u00e9is em S\u00e3o Sebasti\u00e3o, litoral norte de S\u00e3o Paulo &#8211; SP. Aqu\u00ed voc\u00ea encontrar\u00e1 diversas op\u00e7\u00f5es para hospedar-se com conforto e privacidade. A maioria dos hot\u00e9is oferece o caf\u00e9 da manh\u00e3 j\u00e1 inclu\u00eddo em sua di\u00e1ria e servi\u00e7o de quarto. N\u00e3o deixe de entrar em contato para consultar os pre\u00e7os e promo\u00e7\u00f5es que s\u00e3o ofertadas por hot\u00e9is em S\u00e3o Sebasti\u00e3o.<\/p>\n\n\n\n<div class=\"wp-block-media-text is-stacked-on-mobile\"><figure class=\"wp-block-media-text__media\"><img loading=\"lazy\" decoding=\"async\" width=\"500\" height=\"300\" src=\"https:\/\/saosebastiao.tur.br\/web\/wp-content\/uploads\/coconuts-hotel-em-sao-sebastiao.jpg\" alt=\"\" class=\"wp-image-222 size-full\" srcset=\"https:\/\/saosebastiao.tur.br\/web\/wp-content\/uploads\/coconuts-hotel-em-sao-sebastiao.jpg 500w, https:\/\/saosebastiao.tur.br\/web\/wp-content\/uploads\/coconuts-hotel-em-sao-sebastiao-300x180.jpg 300w\" sizes=\"auto, (max-width: 500px) 100vw, 500px\" \/><\/figure><div class=\"wp-block-media-text__content\">\n<p><strong>Coconuts Hotel<\/strong><br>O seu hotel em Maresias<br>Av. Francisco Loup, 1.090 &#8211; Maresias &#8211; S\u00e3oSebasti\u00e3o <br>F.: 12 3865-7875 &#8211; Whats: 12 99710-0534<br>Excelente hotel com&nbsp;estrutura de lazer frente ao mar, piscinas adulto com cascata e infantil, servi\u00e7o de praia com cadeiras, guarda-sol, toalhas e atendimento com gar\u00e7om na praia.<br>Sala de TV, wifi e um maravilhoso&nbsp;caf\u00e9 da manh\u00e3 com vista para o mar. Do lado oposto da avenida, voc\u00ea descansa em&nbsp;su\u00edtes equipadas com ar-condicionado split, Smart TV, frigobar, cofre eletr\u00f4nico, ducha aquecida e&nbsp;estacionamento com seguro 24h.&nbsp;<\/p>\n<\/div><\/div>\n\n\n\n<p><\/p>\n\n\n\n<div class=\"wp-block-media-text is-stacked-on-mobile\"><figure class=\"wp-block-media-text__media\"><img loading=\"lazy\" decoding=\"async\" width=\"500\" height=\"300\" src=\"https:\/\/saosebastiao.tur.br\/web\/wp-content\/uploads\/hotel-recanto-dos-passaros-em-sao-sebastiao.jpg\" alt=\"\" class=\"wp-image-221 size-full\" srcset=\"https:\/\/saosebastiao.tur.br\/web\/wp-content\/uploads\/hotel-recanto-dos-passaros-em-sao-sebastiao.jpg 500w, https:\/\/saosebastiao.tur.br\/web\/wp-content\/uploads\/hotel-recanto-dos-passaros-em-sao-sebastiao-300x180.jpg 300w\" sizes=\"auto, (max-width: 500px) 100vw, 500px\" \/><\/figure><div class=\"wp-block-media-text__content\">\n<p><strong>Hotel Recanto dos P\u00e1ssaros<\/strong><br>Centro &#8211; \u00d3tima localiza\u00e7\u00e3o<br>Av. Guarda Mor Lobo Viana, 822 &#8211; Centro &#8211; S\u00e3o Sebasti\u00e3o<br>F.: 12 3892-2475<br>Perto de tudo que voc\u00ea precisa. Restaurantes, lojas, revistarias, locadoras de ve\u00edculos, shoppings,etc&#8230;<\/p>\n<\/div><\/div>\n\n\n\n<p><\/p>\n\n\n\n<div class=\"wp-block-media-text is-stacked-on-mobile\"><figure class=\"wp-block-media-text__media\"><img loading=\"lazy\" decoding=\"async\" width=\"500\" height=\"300\" src=\"https:\/\/saosebastiao.tur.br\/web\/wp-content\/uploads\/hotel-aldeia-sahy-sao-sebastiao.jpg\" alt=\"\" class=\"wp-image-226 size-full\" srcset=\"https:\/\/saosebastiao.tur.br\/web\/wp-content\/uploads\/hotel-aldeia-sahy-sao-sebastiao.jpg 500w, https:\/\/saosebastiao.tur.br\/web\/wp-content\/uploads\/hotel-aldeia-sahy-sao-sebastiao-300x180.jpg 300w\" sizes=\"auto, (max-width: 500px) 100vw, 500px\" \/><\/figure><div class=\"wp-block-media-text__content\">\n<p><strong>Hotel Aldeia de Sahy<\/strong><br>Para seu lazer, evento ou trabalho.<br>Av. Adelino Tavares, 64 &#8211; Barra do Sahy &#8211; S\u00e3o Sebasti\u00e3o<br>F.: 12 3863-6366<br>Situado na praia da Barra de Sahy ao sul de S\u00e3o Sebasti\u00e3o, uma das mais tranquilas do litoral norte de S\u00e3o Paulo, o hotel destaca-se pelo ambiente acolhedor e charmoso. Num amplo jardim distribuem-se os chal\u00e9s e a completa infraestrutura hoteleira para atender voc\u00ea e sua fam\u00edlia e amigos, no lazer, evento ou trabalho. <\/p>\n<\/div><\/div>\n","protected":false},"excerpt":{"rendered":"<p>Este \u00e9 seu guia de hot\u00e9is em S\u00e3o Sebasti\u00e3o, litoral norte de S\u00e3o Paulo &#8211; SP. Aqu\u00ed voc\u00ea encontrar\u00e1 diversas op\u00e7\u00f5es para hospedar-se com conforto e privacidade. A maioria dos hot\u00e9is oferece o caf\u00e9 da manh\u00e3 j\u00e1 inclu\u00eddo em sua di\u00e1ria e servi\u00e7o de quarto. N\u00e3o deixe de entrar em contato para consultar os pre\u00e7os&#8230;<\/p>\n","protected":false},"author":1,"featured_media":0,"parent":0,"menu_order":0,"comment_status":"closed","ping_status":"closed","template":"","meta":{"_kadence_starter_templates_imported_post":false,"_kad_post_transparent":"","_kad_post_title":"","_kad_post_layout":"","_kad_post_sidebar_id":"","_kad_post_content_style":"","_kad_post_vertical_padding":"","_kad_post_feature":"","_kad_post_feature_position":"","_kad_post_header":false,"_kad_post_footer":false,"footnotes":""},"class_list":["post-220","page","type-page","status-publish","hentry"],"_links":{"self":[{"href":"https:\/\/saosebastiao.tur.br\/web\/wp-json\/wp\/v2\/pages\/220","targetHints":{"allow":["GET"]}}],"collection":[{"href":"https:\/\/saosebastiao.tur.br\/web\/wp-json\/wp\/v2\/pages"}],"about":[{"href":"https:\/\/saosebastiao.tur.br\/web\/wp-json\/wp\/v2\/types\/page"}],"author":[{"embeddable":true,"href":"https:\/\/saosebastiao.tur.br\/web\/wp-json\/wp\/v2\/users\/1"}],"replies":[{"embeddable":true,"href":"https:\/\/saosebastiao.tur.br\/web\/wp-json\/wp\/v2\/comments?post=220"}],"version-history":[{"count":3,"href":"https:\/\/saosebastiao.tur.br\/web\/wp-json\/wp\/v2\/pages\/220\/revisions"}],"predecessor-version":[{"id":229,"href":"https:\/\/saosebastiao.tur.br\/web\/wp-json\/wp\/v2\/pages\/220\/revisions\/229"}],"wp:attachment":[{"href":"https:\/\/saosebastiao.tur.br\/web\/wp-json\/wp\/v2\/media?parent=220"}],"curies":[{"name":"wp","href":"https:\/\/api.w.org\/{rel}","templated":true}]}}