{"id":230,"date":"2024-08-10T09:23:34","date_gmt":"2024-08-10T12:23:34","guid":{"rendered":"https:\/\/saosebastiao.tur.br\/web\/?page_id=230"},"modified":"2024-08-10T09:23:34","modified_gmt":"2024-08-10T12:23:34","slug":"restaurantes-em-sao-sebastiao","status":"publish","type":"page","link":"https:\/\/saosebastiao.tur.br\/web\/restaurantes-em-sao-sebastiao\/","title":{"rendered":"Restaurantes em S\u00e3o Sebasti\u00e3o"},"content":{"rendered":"\n<div class=\"wp-block-media-text is-stacked-on-mobile\"><figure class=\"wp-block-media-text__media\"><img loading=\"lazy\" decoding=\"async\" width=\"800\" height=\"900\" src=\"https:\/\/saosebastiao.tur.br\/web\/wp-content\/uploads\/camarao-na-chapa1-1.jpg\" alt=\"\" class=\"wp-image-232 size-full\" srcset=\"https:\/\/saosebastiao.tur.br\/web\/wp-content\/uploads\/camarao-na-chapa1-1.jpg 800w, https:\/\/saosebastiao.tur.br\/web\/wp-content\/uploads\/camarao-na-chapa1-1-267x300.jpg 267w, https:\/\/saosebastiao.tur.br\/web\/wp-content\/uploads\/camarao-na-chapa1-1-768x864.jpg 768w\" sizes=\"auto, (max-width: 800px) 100vw, 800px\" \/><\/figure><div class=\"wp-block-media-text__content\">\n<p><strong>Onde comer em S\u00e3o Sebasti\u00e3o<\/strong><br>S\u00e3o Sebasti\u00e3o tem por volta de 100km. de costa, dividido em v\u00e1rias lindas praias. Na pr\u00e1tica, em quase todas as praias \u00e9 poss\u00edvel comer muito bem, especialmente pratos a base de frutos do mar. V\u00e1rios destes restaurantes trabalham com o pescado regional, o que garante uma oferta de peixes, camar\u00f5es, lulas, polvos, etc&#8230; bem fresquinhos e sem aditivos para conserva\u00e7\u00e3o. Al\u00e9m disto, chefs regionais desenvolvem pratos com muito capricho. Para quem aprecia varia\u00e7\u00f5es gastron\u00f4micas, muitos restaurantes oferecem em seu card\u00e1pio, pratos da culin\u00e1ria regional &#8211; comida cai\u00e7ara &#8211; como tamb\u00e9m pratos da culin\u00e1ria internacional.<br>Mas, n\u00e3o para por a\u00ed, na regi\u00e3o temos \u00f3timos restaurantes e bares de praia, que oferecem al\u00e9m de pratos criativos e saborosos, uma vista maravilhosa para o mar.<br>Op\u00e7\u00f5es existem para todos os gostos e bolsos. Esfiharias, sanduicherias, comida oriental, italiana, estilo mediterr\u00e2neo, creperias e outros. Na regi\u00e3o do centro hist\u00f3rico e na conhecida &#8220;Rua da Praia&#8221; existe uma concentra\u00e7\u00e3o de restaurantes e pizzarias. Vale a pena conhecer e degustar.<br>Foto: &#8220;Camar\u00e3o&#8221; por Marcelo Tr\u00e4sel &#8211; Flickr. Wikipedia<\/p>\n<\/div><\/div>\n\n\n\n<p><\/p>\n\n\n\n<div class=\"wp-block-media-text is-stacked-on-mobile\"><figure class=\"wp-block-media-text__media\"><img loading=\"lazy\" decoding=\"async\" width=\"500\" height=\"300\" src=\"https:\/\/saosebastiao.tur.br\/web\/wp-content\/uploads\/restaurante-pimenta-de-cheiro-sao-sebastiao.jpg\" alt=\"\" class=\"wp-image-233 size-full\" srcset=\"https:\/\/saosebastiao.tur.br\/web\/wp-content\/uploads\/restaurante-pimenta-de-cheiro-sao-sebastiao.jpg 500w, https:\/\/saosebastiao.tur.br\/web\/wp-content\/uploads\/restaurante-pimenta-de-cheiro-sao-sebastiao-300x180.jpg 300w\" sizes=\"auto, (max-width: 500px) 100vw, 500px\" \/><\/figure><div class=\"wp-block-media-text__content\">\n<p><strong>Restaurante Pimenta de Cheiro<\/strong><br>Toque Toque Pequeno<br>Rua Yojiro Takaoka, 790<br>F.: 12 3864-9700<br>&#8220;Inaugurado em 2009, o Pimenta de Cheiro Toque Toque, no Litoral Norte Paulista oferece variado card\u00e1pio contempor\u00e2neo desenvolvido pelo casal Cris &amp; Jos\u00e9 Roberto Lara. Destacando-se os peixes e frutos do mar frescos da regi\u00e3o, al\u00e9m de op\u00e7\u00f5es vegetarianas. Cada detalhe do restaurante \u00e9 cuidado pessoalmente pelo casal. O ambiente r\u00fastico chic \u00e9 agrad\u00e1vel n\u00e3o apenas aos olhos, mas em todo o seu contexto &#8220;wellness&#8221;.<\/p>\n<\/div><\/div>\n\n\n\n<p><\/p>\n\n\n\n<div class=\"wp-block-media-text is-stacked-on-mobile\"><figure class=\"wp-block-media-text__media\"><img loading=\"lazy\" decoding=\"async\" width=\"500\" height=\"300\" src=\"https:\/\/saosebastiao.tur.br\/web\/wp-content\/uploads\/restaurante-chapeu-de-sol-sao-sebastiao.jpg\" alt=\"\" class=\"wp-image-234 size-full\" srcset=\"https:\/\/saosebastiao.tur.br\/web\/wp-content\/uploads\/restaurante-chapeu-de-sol-sao-sebastiao.jpg 500w, https:\/\/saosebastiao.tur.br\/web\/wp-content\/uploads\/restaurante-chapeu-de-sol-sao-sebastiao-300x180.jpg 300w\" sizes=\"auto, (max-width: 500px) 100vw, 500px\" \/><\/figure><div class=\"wp-block-media-text__content\">\n<p><strong>Restaurante Chap\u00e9u de Sol<\/strong><br>Praia de Juquehy<br>Av. M\u00e3e Bernarda, 2001<br>F.: 12 3863-3028<br>&#8220;O nome do restaurante \u00e9 inspirado na grande \u00e1rvore de Chap\u00e9u de Sol que cobre e acolhe todo o restaurante. O ambiente aconchegante, charmoso, r\u00fastico e de frente para o mar, aliados \u00e0 alta gastronomia, fazem da casa um lugar especial e exclusivo para clientes tamb\u00e9m muito especiais.&#8221;<\/p>\n<\/div><\/div>\n\n\n\n<p><\/p>\n\n\n\n<div class=\"wp-block-media-text is-stacked-on-mobile\"><figure class=\"wp-block-media-text__media\"><img loading=\"lazy\" decoding=\"async\" width=\"500\" height=\"300\" src=\"https:\/\/saosebastiao.tur.br\/web\/wp-content\/uploads\/restaurante-badaue-sao-sebastiao.jpg\" alt=\"\" class=\"wp-image-235 size-full\" srcset=\"https:\/\/saosebastiao.tur.br\/web\/wp-content\/uploads\/restaurante-badaue-sao-sebastiao.jpg 500w, https:\/\/saosebastiao.tur.br\/web\/wp-content\/uploads\/restaurante-badaue-sao-sebastiao-300x180.jpg 300w\" sizes=\"auto, (max-width: 500px) 100vw, 500px\" \/><\/figure><div class=\"wp-block-media-text__content\">\n<p><strong>Restaurante Badau\u00ea Maresias<\/strong><br>Praia de Maresias<br>Av. Dr. Francisco Loup, 901<br>F.: 12 3865-7289<br>&#8220;O Badau\u00ea \u00e9 um dos restaurantes mais tradicionais do Litoral Norte. Sua cozinha contempor\u00e2nea \u00e9 uma mistura de temperos e cheiros misturados entre mediterr\u00e2neo e Brasil. Com capacidade de atender \u00e0 220 pessoas espalhadas por suas mesas, lounges e tendas de frente para o mar, o restaurante possui um amplo bar e uma grelha&#8230;&#8221;<\/p>\n<\/div><\/div>\n","protected":false},"excerpt":{"rendered":"<p>Onde comer em S\u00e3o Sebasti\u00e3oS\u00e3o Sebasti\u00e3o tem por volta de 100km. de costa, dividido em v\u00e1rias lindas praias. Na pr\u00e1tica, em quase todas as praias \u00e9 poss\u00edvel comer muito bem, especialmente pratos a base de frutos do mar. V\u00e1rios destes restaurantes trabalham com o pescado regional, o que garante uma oferta de peixes, camar\u00f5es, lulas,&#8230;<\/p>\n","protected":false},"author":1,"featured_media":0,"parent":0,"menu_order":0,"comment_status":"closed","ping_status":"closed","template":"","meta":{"_kadence_starter_templates_imported_post":false,"_kad_post_transparent":"","_kad_post_title":"","_kad_post_layout":"","_kad_post_sidebar_id":"","_kad_post_content_style":"","_kad_post_vertical_padding":"","_kad_post_feature":"","_kad_post_feature_position":"","_kad_post_header":false,"_kad_post_footer":false,"footnotes":""},"class_list":["post-230","page","type-page","status-publish","hentry"],"_links":{"self":[{"href":"https:\/\/saosebastiao.tur.br\/web\/wp-json\/wp\/v2\/pages\/230","targetHints":{"allow":["GET"]}}],"collection":[{"href":"https:\/\/saosebastiao.tur.br\/web\/wp-json\/wp\/v2\/pages"}],"about":[{"href":"https:\/\/saosebastiao.tur.br\/web\/wp-json\/wp\/v2\/types\/page"}],"author":[{"embeddable":true,"href":"https:\/\/saosebastiao.tur.br\/web\/wp-json\/wp\/v2\/users\/1"}],"replies":[{"embeddable":true,"href":"https:\/\/saosebastiao.tur.br\/web\/wp-json\/wp\/v2\/comments?post=230"}],"version-history":[{"count":1,"href":"https:\/\/saosebastiao.tur.br\/web\/wp-json\/wp\/v2\/pages\/230\/revisions"}],"predecessor-version":[{"id":236,"href":"https:\/\/saosebastiao.tur.br\/web\/wp-json\/wp\/v2\/pages\/230\/revisions\/236"}],"wp:attachment":[{"href":"https:\/\/saosebastiao.tur.br\/web\/wp-json\/wp\/v2\/media?parent=230"}],"curies":[{"name":"wp","href":"https:\/\/api.w.org\/{rel}","templated":true}]}}