{"id":239,"date":"2024-08-10T10:11:49","date_gmt":"2024-08-10T13:11:49","guid":{"rendered":"https:\/\/saosebastiao.tur.br\/web\/?page_id=239"},"modified":"2024-08-10T10:11:49","modified_gmt":"2024-08-10T13:11:49","slug":"passeios-em-sao-sebastiao","status":"publish","type":"page","link":"https:\/\/saosebastiao.tur.br\/web\/passeios-em-sao-sebastiao\/","title":{"rendered":"Passeios em S\u00e3o Sebasti\u00e3o"},"content":{"rendered":"\n<div class=\"wp-block-media-text is-stacked-on-mobile\"><figure class=\"wp-block-media-text__media\"><img loading=\"lazy\" decoding=\"async\" width=\"800\" height=\"900\" src=\"https:\/\/saosebastiao.tur.br\/web\/wp-content\/uploads\/trilha-em-sao-sebastiao.jpg\" alt=\"\" class=\"wp-image-240 size-full\" srcset=\"https:\/\/saosebastiao.tur.br\/web\/wp-content\/uploads\/trilha-em-sao-sebastiao.jpg 800w, https:\/\/saosebastiao.tur.br\/web\/wp-content\/uploads\/trilha-em-sao-sebastiao-267x300.jpg 267w, https:\/\/saosebastiao.tur.br\/web\/wp-content\/uploads\/trilha-em-sao-sebastiao-768x864.jpg 768w\" sizes=\"auto, (max-width: 800px) 100vw, 800px\" \/><\/figure><div class=\"wp-block-media-text__content\">\n<p><strong>Passeios<\/strong><br>S\u00e3o Sebasti\u00e3o oferece um grande n\u00famero de op\u00e7\u00f5es de atra\u00e7\u00f5es para a sua divers\u00e3o e de sua fam\u00edlia. Voc\u00ea pode optar por um passeio tranquilo e conhecer a parte preservada da cidade, com seus casar\u00f5es antigos, conventos e muitas capelas espalhadas por v\u00e1rias praias. No centro, onde se encontra a maior parte das belezas arquitet\u00f4nicas preservadas, voc\u00ea tem tamb\u00e9m muitos restaurantes e barzinhos, na conhecida rua da praia, onde ocorre um grande n\u00famero de eventos patrocinados pela prefeitura durante o ano todo.<br>Por\u00e9m, se voc\u00ea preferir, voc\u00ea poder\u00e1 fazer passeios de lancha para As Ilhas, praticar mergulho em \u00e1guas cristalinas, praticar canoagem na Barra do Una, tomar banho em cachoeiras, alugar uma bike e sair por a\u00ed conhecendo as proximidades, ou fazer uma caminhada, se aproximando um pouco mais das belezas da Mata Atl\u00e2ntica, t\u00e3o preservada na regi\u00e3o. Claro que voc\u00ea pode simplesmente ir \u00e0 praia e curtir o agito de algumas, como \u00e9 o caso de Maresias, para onde convergem os adeptos do surf. Se voc\u00ea curte um ambiente mais fam\u00edlia, conhe\u00e7a Juquehy ou a Baleia e Barra do Sahy, estas praias s\u00e3o frequentadas por casais enamorados e fam\u00edlias com crian\u00e7as.<\/p>\n<\/div><\/div>\n","protected":false},"excerpt":{"rendered":"<p>PasseiosS\u00e3o Sebasti\u00e3o oferece um grande n\u00famero de op\u00e7\u00f5es de atra\u00e7\u00f5es para a sua divers\u00e3o e de sua fam\u00edlia. Voc\u00ea pode optar por um passeio tranquilo e conhecer a parte preservada da cidade, com seus casar\u00f5es antigos, conventos e muitas capelas espalhadas por v\u00e1rias praias. No centro, onde se encontra a maior parte das belezas arquitet\u00f4nicas&#8230;<\/p>\n","protected":false},"author":1,"featured_media":0,"parent":0,"menu_order":0,"comment_status":"closed","ping_status":"closed","template":"","meta":{"_kadence_starter_templates_imported_post":false,"_kad_post_transparent":"","_kad_post_title":"","_kad_post_layout":"","_kad_post_sidebar_id":"","_kad_post_content_style":"","_kad_post_vertical_padding":"","_kad_post_feature":"","_kad_post_feature_position":"","_kad_post_header":false,"_kad_post_footer":false,"footnotes":""},"class_list":["post-239","page","type-page","status-publish","hentry"],"_links":{"self":[{"href":"https:\/\/saosebastiao.tur.br\/web\/wp-json\/wp\/v2\/pages\/239","targetHints":{"allow":["GET"]}}],"collection":[{"href":"https:\/\/saosebastiao.tur.br\/web\/wp-json\/wp\/v2\/pages"}],"about":[{"href":"https:\/\/saosebastiao.tur.br\/web\/wp-json\/wp\/v2\/types\/page"}],"author":[{"embeddable":true,"href":"https:\/\/saosebastiao.tur.br\/web\/wp-json\/wp\/v2\/users\/1"}],"replies":[{"embeddable":true,"href":"https:\/\/saosebastiao.tur.br\/web\/wp-json\/wp\/v2\/comments?post=239"}],"version-history":[{"count":1,"href":"https:\/\/saosebastiao.tur.br\/web\/wp-json\/wp\/v2\/pages\/239\/revisions"}],"predecessor-version":[{"id":241,"href":"https:\/\/saosebastiao.tur.br\/web\/wp-json\/wp\/v2\/pages\/239\/revisions\/241"}],"wp:attachment":[{"href":"https:\/\/saosebastiao.tur.br\/web\/wp-json\/wp\/v2\/media?parent=239"}],"curies":[{"name":"wp","href":"https:\/\/api.w.org\/{rel}","templated":true}]}}