{"id":244,"date":"2024-08-10T10:30:32","date_gmt":"2024-08-10T13:30:32","guid":{"rendered":"https:\/\/saosebastiao.tur.br\/web\/?page_id=244"},"modified":"2024-08-10T10:30:32","modified_gmt":"2024-08-10T13:30:32","slug":"surf-em-sao-sebastiao","status":"publish","type":"page","link":"https:\/\/saosebastiao.tur.br\/web\/surf-em-sao-sebastiao\/","title":{"rendered":"Surf em S\u00e3o Sebasti\u00e3o"},"content":{"rendered":"\n<div class=\"wp-block-media-text is-stacked-on-mobile\"><figure class=\"wp-block-media-text__media\"><img loading=\"lazy\" decoding=\"async\" width=\"800\" height=\"1000\" src=\"https:\/\/saosebastiao.tur.br\/web\/wp-content\/uploads\/surf-em-sao-sebastiao.jpg\" alt=\"\" class=\"wp-image-245 size-full\" srcset=\"https:\/\/saosebastiao.tur.br\/web\/wp-content\/uploads\/surf-em-sao-sebastiao.jpg 800w, https:\/\/saosebastiao.tur.br\/web\/wp-content\/uploads\/surf-em-sao-sebastiao-240x300.jpg 240w, https:\/\/saosebastiao.tur.br\/web\/wp-content\/uploads\/surf-em-sao-sebastiao-768x960.jpg 768w\" sizes=\"auto, (max-width: 800px) 100vw, 800px\" \/><\/figure><div class=\"wp-block-media-text__content\">\n<p><strong>Surf<\/strong><br>Depois que os segredos de Maresias foram revelados para surfistas do mundo inteiro, o n\u00famero de carros cheios de uma mo\u00e7ada saud\u00e1vel e com pranchas no cap\u00f4 s\u00f3 cresceu. Para a galera, as ondas mais fortes e tubulares ficam no canto sul, que quebra perfeito com ondula\u00e7\u00e3o de sul e vento leste. Mais ousada \u00e9 uma trip para a Praia Brava, entre Maresias e Boi\u00e7ucanga. O acesso \u00e9 s\u00f3 para quem \u00e9 bom motoqueiro, alugou um barco ou tem sa\u00fade para subir um morr\u00e3o carregando uma prancha. Mas o esfor\u00e7o recompensa.<br>Outras op\u00e7\u00f5es diferentes s\u00e3o as ondas d&#8217;As Ilhas e de Mont\u00e3o de Trigo, com acesso permitido somente a um seleto grupo de iniciados, onde novato n\u00e3o tem vez. Camburi n\u00e3o decepciona pois, al\u00e9m de ondas, ainda tem um qu\u00ea de agito e gatinhas na areia.<br>As morras se alternam entre seus dois cantos, dependendo da dire\u00e7\u00e3o do swell, que pode ser de sul ou leste. De Juquehy v\u00eam algumas das mais recentes revela\u00e7\u00f5es do surf cai\u00e7ara e brasileiro. Sinal que a praia tem hist\u00f3ria para contar. Pa\u00faba \u00e9 para\u00edso durante pouqu\u00edssimo dias do ano, quando as ondas quebram perfeitas. Se o seu moleque acabou de ganhar a primeira prancha ou se voc\u00ea se diz um big rider, mas teve um ataque de medo naqueles dias de mar ressacado, a alternativa \u00e9 o Guaec\u00e1. A galera do surf fica no canto sul, encarando ondas legais, mas sem muita ousadia.<\/p>\n<\/div><\/div>\n","protected":false},"excerpt":{"rendered":"<p>SurfDepois que os segredos de Maresias foram revelados para surfistas do mundo inteiro, o n\u00famero de carros cheios de uma mo\u00e7ada saud\u00e1vel e com pranchas no cap\u00f4 s\u00f3 cresceu. Para a galera, as ondas mais fortes e tubulares ficam no canto sul, que quebra perfeito com ondula\u00e7\u00e3o de sul e vento leste. Mais ousada \u00e9&#8230;<\/p>\n","protected":false},"author":1,"featured_media":0,"parent":0,"menu_order":0,"comment_status":"closed","ping_status":"closed","template":"","meta":{"_kadence_starter_templates_imported_post":false,"_kad_post_transparent":"","_kad_post_title":"","_kad_post_layout":"","_kad_post_sidebar_id":"","_kad_post_content_style":"","_kad_post_vertical_padding":"","_kad_post_feature":"","_kad_post_feature_position":"","_kad_post_header":false,"_kad_post_footer":false,"footnotes":""},"class_list":["post-244","page","type-page","status-publish","hentry"],"_links":{"self":[{"href":"https:\/\/saosebastiao.tur.br\/web\/wp-json\/wp\/v2\/pages\/244","targetHints":{"allow":["GET"]}}],"collection":[{"href":"https:\/\/saosebastiao.tur.br\/web\/wp-json\/wp\/v2\/pages"}],"about":[{"href":"https:\/\/saosebastiao.tur.br\/web\/wp-json\/wp\/v2\/types\/page"}],"author":[{"embeddable":true,"href":"https:\/\/saosebastiao.tur.br\/web\/wp-json\/wp\/v2\/users\/1"}],"replies":[{"embeddable":true,"href":"https:\/\/saosebastiao.tur.br\/web\/wp-json\/wp\/v2\/comments?post=244"}],"version-history":[{"count":1,"href":"https:\/\/saosebastiao.tur.br\/web\/wp-json\/wp\/v2\/pages\/244\/revisions"}],"predecessor-version":[{"id":246,"href":"https:\/\/saosebastiao.tur.br\/web\/wp-json\/wp\/v2\/pages\/244\/revisions\/246"}],"wp:attachment":[{"href":"https:\/\/saosebastiao.tur.br\/web\/wp-json\/wp\/v2\/media?parent=244"}],"curies":[{"name":"wp","href":"https:\/\/api.w.org\/{rel}","templated":true}]}}