{"id":248,"date":"2024-08-10T10:54:58","date_gmt":"2024-08-10T13:54:58","guid":{"rendered":"https:\/\/saosebastiao.tur.br\/web\/?page_id=248"},"modified":"2024-08-10T10:54:58","modified_gmt":"2024-08-10T13:54:58","slug":"pousada-do-almirante-juquehy","status":"publish","type":"page","link":"https:\/\/saosebastiao.tur.br\/web\/pousada-do-almirante-juquehy\/","title":{"rendered":"Pousada do Almirante Juquehy"},"content":{"rendered":"\n<div class=\"wp-block-media-text is-stacked-on-mobile is-vertically-aligned-top\"><figure class=\"wp-block-media-text__media\"><img loading=\"lazy\" decoding=\"async\" width=\"500\" height=\"300\" src=\"https:\/\/saosebastiao.tur.br\/web\/wp-content\/uploads\/pousada-do-almirante-em-sao-sebastiao-1.jpg\" alt=\"\" class=\"wp-image-249 size-full\" srcset=\"https:\/\/saosebastiao.tur.br\/web\/wp-content\/uploads\/pousada-do-almirante-em-sao-sebastiao-1.jpg 500w, https:\/\/saosebastiao.tur.br\/web\/wp-content\/uploads\/pousada-do-almirante-em-sao-sebastiao-1-300x180.jpg 300w\" sizes=\"auto, (max-width: 500px) 100vw, 500px\" \/><\/figure><div class=\"wp-block-media-text__content\">\n<p><strong>Pousada do Almirante<\/strong><br>A apenas 150m. da praia!<br>Rua Maria Madalena Faustino, 201 &#8211; Juquehy &#8211; S\u00e3o Sebasti\u00e3o<br>F.: 12 3863-1514 e 3863-1454 &#8211; Whats: 12 99638-2793<br>E-mail:\u00a0<a href=\"mailto:pa@pousadadoalmirante.com.br?Subject=Consulta por S\u00e3o Sebasti\u00e3o\">pa@pousadadoalmirante.com.br<\/a><\/p>\n\n\n\n<p>Com piscina aquecida a Pousada do Almirante est\u00e1 situada  a 600 m do Shopping Center Monjolo em rua muito tranquila. Os confort\u00e1veis e aconchegantes apartamentos possuem varandas com vista para os jardins e s\u00e3o finamente decorados e equipados pensando em seu bem estar.<br>Para seu conforto as su\u00edtes possuem: Cama Queen Size &#8211; Ar condicionado Split &#8211; TV 32&#8243; LED &#8211; Funcional Copa &#8211; Frigobar &#8211; Microondas &#8211; Secador de Cabelos &#8211; Cofre &#8211; Telefone<\/p>\n\n\n\n<p>Delicioso e variado caf\u00e9 colonial \u00e9 servido no ambiente aconchegante do restaurante, em estilo self-service, entre 8:00hs e 10:30hs. Frutas selecionadas de \u00e9poca, sucos naturais, p\u00e3es e bolos elaborados artesanalmente, frios, caf\u00e9, leite, ch\u00e1s, achocolatados, geleias e outras del\u00edcias, fazem parte do desjejum carinhosamente elaborado para voc\u00ea e sua fam\u00edlia.<\/p>\n\n\n\n<p>Sucos de frutas seletas, caipirinhas e drinks s\u00e3o servidos no bar, restaurante e piscina.<br>No ambiente agrad\u00e1vel do restaurante s\u00e3o servidos pratos e sandu\u00edches com receitas balanceadas e para a garotada repor suas energias, pratos e lanches preparados e enriquecidos com muito carinho<\/p>\n\n\n\n<p>Em seus momentos de lazer relaxe e aprecie a exuber\u00e2ncia da Mata Atl\u00e2ntica, a beleza da praia com suas areias claras e \u00e1guas azuis, o charme das v\u00e1rias ilhas \u00e0 sua frente que fazem da praia de Juquehy um lugar inesquec\u00edvel.<\/p>\n\n\n\n<p>Se preferir fazer passeios, podemos indicar roteiros especiais que certamente o encantar\u00e3o. Passeios de lancha a ilhas pr\u00f3ximas ou trilhas pela Mata Atl\u00e2ntica, s\u00e3o algumas das v\u00e1rias op\u00e7\u00f5es de aventuras pela regi\u00e3o. Informe-se na recep\u00e7\u00e3o.<\/p>\n<\/div><\/div>\n","protected":false},"excerpt":{"rendered":"<p>Pousada do AlmiranteA apenas 150m. da praia!Rua Maria Madalena Faustino, 201 &#8211; Juquehy &#8211; S\u00e3o Sebasti\u00e3oF.: 12 3863-1514 e 3863-1454 &#8211; Whats: 12 99638-2793E-mail:\u00a0pa@pousadadoalmirante.com.br Com piscina aquecida a Pousada do Almirante est\u00e1 situada a 600 m do Shopping Center Monjolo em rua muito tranquila. Os confort\u00e1veis e aconchegantes apartamentos possuem varandas com vista para os&#8230;<\/p>\n","protected":false},"author":1,"featured_media":0,"parent":0,"menu_order":0,"comment_status":"closed","ping_status":"closed","template":"","meta":{"_kadence_starter_templates_imported_post":false,"_kad_post_transparent":"","_kad_post_title":"","_kad_post_layout":"","_kad_post_sidebar_id":"","_kad_post_content_style":"","_kad_post_vertical_padding":"","_kad_post_feature":"","_kad_post_feature_position":"","_kad_post_header":false,"_kad_post_footer":false,"footnotes":""},"class_list":["post-248","page","type-page","status-publish","hentry"],"_links":{"self":[{"href":"https:\/\/saosebastiao.tur.br\/web\/wp-json\/wp\/v2\/pages\/248","targetHints":{"allow":["GET"]}}],"collection":[{"href":"https:\/\/saosebastiao.tur.br\/web\/wp-json\/wp\/v2\/pages"}],"about":[{"href":"https:\/\/saosebastiao.tur.br\/web\/wp-json\/wp\/v2\/types\/page"}],"author":[{"embeddable":true,"href":"https:\/\/saosebastiao.tur.br\/web\/wp-json\/wp\/v2\/users\/1"}],"replies":[{"embeddable":true,"href":"https:\/\/saosebastiao.tur.br\/web\/wp-json\/wp\/v2\/comments?post=248"}],"version-history":[{"count":1,"href":"https:\/\/saosebastiao.tur.br\/web\/wp-json\/wp\/v2\/pages\/248\/revisions"}],"predecessor-version":[{"id":250,"href":"https:\/\/saosebastiao.tur.br\/web\/wp-json\/wp\/v2\/pages\/248\/revisions\/250"}],"wp:attachment":[{"href":"https:\/\/saosebastiao.tur.br\/web\/wp-json\/wp\/v2\/media?parent=248"}],"curies":[{"name":"wp","href":"https:\/\/api.w.org\/{rel}","templated":true}]}}