{"id":251,"date":"2024-08-10T11:02:47","date_gmt":"2024-08-10T14:02:47","guid":{"rendered":"https:\/\/saosebastiao.tur.br\/web\/?page_id=251"},"modified":"2024-08-10T14:54:59","modified_gmt":"2024-08-10T17:54:59","slug":"historia-da-cidade-de-sao-sebastiao-sp","status":"publish","type":"page","link":"https:\/\/saosebastiao.tur.br\/web\/historia-da-cidade-de-sao-sebastiao-sp\/","title":{"rendered":"Hist\u00f3ria da cidade de S\u00e3o Sebasti\u00e3o &#8211; SP"},"content":{"rendered":"\n<div class=\"wp-block-media-text is-stacked-on-mobile is-vertically-aligned-top\"><figure class=\"wp-block-media-text__media\"><img loading=\"lazy\" decoding=\"async\" width=\"400\" height=\"532\" src=\"https:\/\/saosebastiao.tur.br\/web\/wp-content\/uploads\/mapa-antigo-do-canal-ilhabela-sao-sebastiao.jpg\" alt=\"\" class=\"wp-image-252 size-full\" srcset=\"https:\/\/saosebastiao.tur.br\/web\/wp-content\/uploads\/mapa-antigo-do-canal-ilhabela-sao-sebastiao.jpg 400w, https:\/\/saosebastiao.tur.br\/web\/wp-content\/uploads\/mapa-antigo-do-canal-ilhabela-sao-sebastiao-226x300.jpg 226w\" sizes=\"auto, (max-width: 400px) 100vw, 400px\" \/><\/figure><div class=\"wp-block-media-text__content\">\n<p>Um pouco de hist\u00f3ria em cada esquina, no centro hist\u00f3rico de S\u00e3o Sebasti\u00e3o, em torno da Igreja Matriz, com muitas casas do Brasil Colonial, onde hoje est\u00e3o bares, restaurantes, hot\u00e9is e reparti\u00e7\u00f5es p\u00fablicas.<br>S\u00e3o Sebasti\u00e3o \u00e9 a cidade mais antiga do Litoral Norte. Outrora, tempos antes do in\u00edcio da coloniza\u00e7\u00e3o portuguesa, a regi\u00e3o de S\u00e3o Sebasti\u00e3o era ocupada por \u00edndios Tupinamb\u00e1s ao norte e Tupiniquins ao sul, sendo a serra de Boi\u00e7ucanga &#8211; 30 km ao sul de S\u00e3o Sebasti\u00e3o &#8211; uma divisa natural das terras das tribos.<br>O munic\u00edpio recebeu este nome em homenagem ao santo do dia em que passou ao largo da Ilha de S\u00e3o Sebasti\u00e3o &#8211; hoje Ilhabela &#8211; a expedi\u00e7\u00e3o de Am\u00e9rico Vesp\u00facio: 20 de janeiro de 1502.<\/p>\n\n\n\n<p>A ocupa\u00e7\u00e3o portuguesa ocorre com o in\u00edcio da Hist\u00f3ria do Brasil, ap\u00f3s a divis\u00e3o do territ\u00f3rio em Capitanias Heredit\u00e1rias. Diogo de Unhate, Diogo Dias, Jo\u00e3o de Abreu, Gon\u00e7alo Pedroso e Francisco de Escobar Ortiz foram os sesmeiros que iniciaram a povoa\u00e7\u00e3o, desenvolvendo o local com agricultura e pesca. Nesta \u00e9poca a regi\u00e3o contava com dezenas de engenhos de cana de a\u00e7\u00facar, respons\u00e1veis por um maior desenvolvimento econ\u00f4mico e a caracteriza\u00e7\u00e3o como n\u00facleo habitacional e pol\u00edtico. Isto possibilitou a emancipa\u00e7\u00e3o pol\u00edtico-administrativa de S\u00e3o Sebasti\u00e3o em 16 de mar\u00e7o de 1636.<\/p>\n\n\n\n<p>Dando continuidade a hist\u00f3ria da cidade, veja tamb\u00e9m os seguintes assuntos:<\/p>\n\n\n\n<ol class=\"wp-block-list\">\n<li><a href=\"https:\/\/saosebastiao.tur.br\/web\/historia-de-piratas-e-corsarios-em-sao-sebastiao\/\" data-type=\"page\" data-id=\"301\">Piratas e Cors\u00e1rios<\/a><\/li>\n\n\n\n<li><a href=\"https:\/\/saosebastiao.tur.br\/web\/historia-do-porto-de-sao-sebastiao\/\" data-type=\"page\" data-id=\"298\">O Porto como Fator de desenvolvimento econ\u00f4mico<\/a><\/li>\n\n\n\n<li><a href=\"https:\/\/saosebastiao.tur.br\/web\/historia-dos-transportes-em-sao-sebastiao\/\" data-type=\"page\" data-id=\"292\">Transportes<\/a><\/li>\n\n\n\n<li><a href=\"https:\/\/saosebastiao.tur.br\/web\/historia-politica-de-sao-sebastiao\/\" data-type=\"page\" data-id=\"279\">Pol\u00edtica<\/a><\/li>\n\n\n\n<li><a href=\"https:\/\/saosebastiao.tur.br\/web\/historia-da-escravatura-em-sao-sebastiao\/\" data-type=\"page\" data-id=\"270\">Escravatura<\/a><\/li>\n\n\n\n<li><a href=\"https:\/\/saosebastiao.tur.br\/web\/historia-da-formacao-fundiaria-de-sao-sebastiao\/\" data-type=\"page\" data-id=\"263\">Forma\u00e7\u00e3o Fundi\u00e1ria<\/a><\/li>\n\n\n\n<li><a href=\"https:\/\/saosebastiao.tur.br\/web\/historia-do-comercio-em-sao-sebastiao\/\" data-type=\"page\" data-id=\"254\">Com\u00e9rcio<\/a><\/li>\n<\/ol>\n<\/div><\/div>\n\n\n\n<p><\/p>\n","protected":false},"excerpt":{"rendered":"","protected":false},"author":1,"featured_media":0,"parent":0,"menu_order":0,"comment_status":"closed","ping_status":"closed","template":"","meta":{"_kadence_starter_templates_imported_post":false,"_kad_post_transparent":"","_kad_post_title":"","_kad_post_layout":"","_kad_post_sidebar_id":"","_kad_post_content_style":"","_kad_post_vertical_padding":"","_kad_post_feature":"","_kad_post_feature_position":"","_kad_post_header":false,"_kad_post_footer":false,"footnotes":""},"class_list":["post-251","page","type-page","status-publish","hentry"],"_links":{"self":[{"href":"https:\/\/saosebastiao.tur.br\/web\/wp-json\/wp\/v2\/pages\/251","targetHints":{"allow":["GET"]}}],"collection":[{"href":"https:\/\/saosebastiao.tur.br\/web\/wp-json\/wp\/v2\/pages"}],"about":[{"href":"https:\/\/saosebastiao.tur.br\/web\/wp-json\/wp\/v2\/types\/page"}],"author":[{"embeddable":true,"href":"https:\/\/saosebastiao.tur.br\/web\/wp-json\/wp\/v2\/users\/1"}],"replies":[{"embeddable":true,"href":"https:\/\/saosebastiao.tur.br\/web\/wp-json\/wp\/v2\/comments?post=251"}],"version-history":[{"count":3,"href":"https:\/\/saosebastiao.tur.br\/web\/wp-json\/wp\/v2\/pages\/251\/revisions"}],"predecessor-version":[{"id":317,"href":"https:\/\/saosebastiao.tur.br\/web\/wp-json\/wp\/v2\/pages\/251\/revisions\/317"}],"wp:attachment":[{"href":"https:\/\/saosebastiao.tur.br\/web\/wp-json\/wp\/v2\/media?parent=251"}],"curies":[{"name":"wp","href":"https:\/\/api.w.org\/{rel}","templated":true}]}}