{"id":254,"date":"2024-08-10T11:03:55","date_gmt":"2024-08-10T14:03:55","guid":{"rendered":"https:\/\/saosebastiao.tur.br\/web\/?page_id=254"},"modified":"2024-08-10T14:54:43","modified_gmt":"2024-08-10T17:54:43","slug":"historia-do-comercio-em-sao-sebastiao","status":"publish","type":"page","link":"https:\/\/saosebastiao.tur.br\/web\/historia-do-comercio-em-sao-sebastiao\/","title":{"rendered":"Hist\u00f3ria do com\u00e9rcio em S\u00e3o Sebasti\u00e3o"},"content":{"rendered":"\n<div class=\"wp-block-columns is-layout-flex wp-container-core-columns-is-layout-9d6595d7 wp-block-columns-is-layout-flex\">\n<div class=\"wp-block-column is-layout-flow wp-block-column-is-layout-flow\">\n<figure class=\"wp-block-image size-full\"><img loading=\"lazy\" decoding=\"async\" width=\"550\" height=\"346\" src=\"https:\/\/saosebastiao.tur.br\/web\/wp-content\/uploads\/comercio-sao-sebastiao-7.jpg\" alt=\"\" class=\"wp-image-257\" srcset=\"https:\/\/saosebastiao.tur.br\/web\/wp-content\/uploads\/comercio-sao-sebastiao-7.jpg 550w, https:\/\/saosebastiao.tur.br\/web\/wp-content\/uploads\/comercio-sao-sebastiao-7-300x189.jpg 300w\" sizes=\"auto, (max-width: 550px) 100vw, 550px\" \/><\/figure>\n\n\n\n<p>Casa de Com\u00e9rcio t\u00edpica do in\u00edcio da coloniza\u00e7\u00e3o<\/p>\n\n\n\n<figure class=\"wp-block-image size-full\"><img loading=\"lazy\" decoding=\"async\" width=\"346\" height=\"231\" src=\"https:\/\/saosebastiao.tur.br\/web\/wp-content\/uploads\/comercio-sao-sebastiao-1.jpg\" alt=\"\" class=\"wp-image-259\" srcset=\"https:\/\/saosebastiao.tur.br\/web\/wp-content\/uploads\/comercio-sao-sebastiao-1.jpg 346w, https:\/\/saosebastiao.tur.br\/web\/wp-content\/uploads\/comercio-sao-sebastiao-1-300x200.jpg 300w\" sizes=\"auto, (max-width: 346px) 100vw, 346px\" \/><\/figure>\n\n\n\n<p>Comboio de transporte de mercadorias<\/p>\n\n\n\n<figure class=\"wp-block-image size-full\"><img loading=\"lazy\" decoding=\"async\" width=\"219\" height=\"135\" src=\"https:\/\/saosebastiao.tur.br\/web\/wp-content\/uploads\/comercio-sao-sebastiao-2.jpg\" alt=\"\" class=\"wp-image-260\"\/><\/figure>\n\n\n\n<p>Desembarque de produtos &#8211; 1906<\/p>\n\n\n\n<figure class=\"wp-block-image size-full\"><img loading=\"lazy\" decoding=\"async\" width=\"207\" height=\"130\" src=\"https:\/\/saosebastiao.tur.br\/web\/wp-content\/uploads\/comercio-sao-sebastiao-3.jpg\" alt=\"\" class=\"wp-image-261\"\/><\/figure>\n\n\n\n<p>Casa Esperan\u00e7a &#8211; D\u00e9cada de 30<\/p>\n<\/div>\n\n\n\n<div class=\"wp-block-column is-layout-flow wp-block-column-is-layout-flow\">\n<p>De in\u00edcio esta regi\u00e3o era habitada por \u00edndios, estes trocavam as sobras de seus produtos por outros que necessitavam. Com a vinda dos europeus para estas regi\u00f5es, este tipo de com\u00e9rcio aos poucos foi se modificando. Desenvolveu-se a agricultura, principalmente o plantio de cana-de-a\u00e7\u00facar, a ind\u00fastria de aguardente e olaria, bem como a pesca artesanal. Assim fabric\u00e1vamos aguardente para trocar com escravos africanos. Potes e panelas de barro que eram vendidos no Rio de Janeiro, Santos, S\u00e3o Paulo, etc. &#8230;<\/p>\n\n\n\n<p>Por volta do s\u00e9culo XVIII encontramos registros da exist\u00eancia de arma\u00e7\u00e3o e f\u00e1brica de pesca de baleia em S\u00e3o Sebasti\u00e3o. Dela era extra\u00eddo o \u00f3leo que servia de combust\u00edvel na ilumina\u00e7\u00e3o e na argamassa de constru\u00e7\u00f5es.<\/p>\n\n\n\n<p>O com\u00e9rcio de nossa cidade n\u00e3o foi est\u00e1vel, tivemos ao longo da hist\u00f3ria prosperidade e decad\u00eancia causada por leis que obrigavam os nossos cidad\u00e3os \u00e0 comerciarem seus produtos no porto de Santos, o qual cobrava elevadas taxas de impostos. O transporte de nossos produtos at\u00e9 o s\u00e9culo XIX era feito por mar. Embarca\u00e7\u00f5es sa\u00edam e chegavam com produtos.<\/p>\n\n\n\n<p>A casa Esperan\u00e7a \u00e9 um exemplo do intenso com\u00e9rcio de nossa cidade. Seu andar superior servia de moradia, enquanto o t\u00e9rreo era utilizado para o com\u00e9rcio, seguindo o padr\u00e3o portugu\u00eas.No in\u00edcio do s\u00e9culo XX nota-se que esta intensidade comercial interna n\u00e3o decaiu. Na d\u00e9cada de 40 encontramos v\u00e1rias propaganda comerciais de S\u00e3o Sebasti\u00e3o, hot\u00e9is, farm\u00e1cias, bar e caf\u00e9, empresas de navega\u00e7\u00e3o, lojas, etc. &#8230;<\/p>\n\n\n\n<p>Veja tamb\u00e9m:<\/p>\n\n\n\n<ol class=\"wp-block-list\">\n<li><a href=\"https:\/\/saosebastiao.tur.br\/web\/historia-de-piratas-e-corsarios-em-sao-sebastiao\/\" data-type=\"page\" data-id=\"301\">Piratas e Cors\u00e1rios<\/a><\/li>\n\n\n\n<li><a href=\"https:\/\/saosebastiao.tur.br\/web\/historia-do-porto-de-sao-sebastiao\/\" data-type=\"page\" data-id=\"298\">O Porto como Fator de desenvolvimento econ\u00f4mico<\/a><\/li>\n\n\n\n<li><a href=\"https:\/\/saosebastiao.tur.br\/web\/historia-dos-transportes-em-sao-sebastiao\/\" data-type=\"page\" data-id=\"292\">Transportes<\/a><\/li>\n\n\n\n<li><a href=\"https:\/\/saosebastiao.tur.br\/web\/historia-politica-de-sao-sebastiao\/\" data-type=\"page\" data-id=\"279\">Pol\u00edtica<\/a><\/li>\n\n\n\n<li><a href=\"https:\/\/saosebastiao.tur.br\/web\/historia-da-escravatura-em-sao-sebastiao\/\" data-type=\"page\" data-id=\"270\">Escravatura<\/a><\/li>\n\n\n\n<li><a href=\"https:\/\/saosebastiao.tur.br\/web\/historia-da-formacao-fundiaria-de-sao-sebastiao\/\" data-type=\"page\" data-id=\"263\">Forma\u00e7\u00e3o Fundi\u00e1ria<\/a><\/li>\n\n\n\n<li><a href=\"https:\/\/saosebastiao.tur.br\/web\/historia-do-comercio-em-sao-sebastiao\/\" data-type=\"page\" data-id=\"254\">Com\u00e9rcio<\/a><\/li>\n<\/ol>\n<\/div>\n<\/div>\n","protected":false},"excerpt":{"rendered":"<p>Casa de Com\u00e9rcio t\u00edpica do in\u00edcio da coloniza\u00e7\u00e3o Comboio de transporte de mercadorias Desembarque de produtos &#8211; 1906 Casa Esperan\u00e7a &#8211; D\u00e9cada de 30 De in\u00edcio esta regi\u00e3o era habitada por \u00edndios, estes trocavam as sobras de seus produtos por outros que necessitavam. Com a vinda dos europeus para estas regi\u00f5es, este tipo de com\u00e9rcio&#8230;<\/p>\n","protected":false},"author":1,"featured_media":0,"parent":0,"menu_order":0,"comment_status":"closed","ping_status":"closed","template":"","meta":{"_kadence_starter_templates_imported_post":false,"_kad_post_transparent":"","_kad_post_title":"","_kad_post_layout":"","_kad_post_sidebar_id":"","_kad_post_content_style":"","_kad_post_vertical_padding":"","_kad_post_feature":"","_kad_post_feature_position":"","_kad_post_header":false,"_kad_post_footer":false,"footnotes":""},"class_list":["post-254","page","type-page","status-publish","hentry"],"_links":{"self":[{"href":"https:\/\/saosebastiao.tur.br\/web\/wp-json\/wp\/v2\/pages\/254","targetHints":{"allow":["GET"]}}],"collection":[{"href":"https:\/\/saosebastiao.tur.br\/web\/wp-json\/wp\/v2\/pages"}],"about":[{"href":"https:\/\/saosebastiao.tur.br\/web\/wp-json\/wp\/v2\/types\/page"}],"author":[{"embeddable":true,"href":"https:\/\/saosebastiao.tur.br\/web\/wp-json\/wp\/v2\/users\/1"}],"replies":[{"embeddable":true,"href":"https:\/\/saosebastiao.tur.br\/web\/wp-json\/wp\/v2\/comments?post=254"}],"version-history":[{"count":3,"href":"https:\/\/saosebastiao.tur.br\/web\/wp-json\/wp\/v2\/pages\/254\/revisions"}],"predecessor-version":[{"id":313,"href":"https:\/\/saosebastiao.tur.br\/web\/wp-json\/wp\/v2\/pages\/254\/revisions\/313"}],"wp:attachment":[{"href":"https:\/\/saosebastiao.tur.br\/web\/wp-json\/wp\/v2\/media?parent=254"}],"curies":[{"name":"wp","href":"https:\/\/api.w.org\/{rel}","templated":true}]}}