{"id":26,"date":"2024-07-12T14:32:06","date_gmt":"2024-07-12T17:32:06","guid":{"rendered":"https:\/\/saosebastiao.tur.br\/web\/?page_id=26"},"modified":"2024-08-15T15:33:20","modified_gmt":"2024-08-15T18:33:20","slug":"praia-do-arrastao-em-sao-sebastiao","status":"publish","type":"page","link":"https:\/\/saosebastiao.tur.br\/web\/praia-do-arrastao-em-sao-sebastiao\/","title":{"rendered":"Praia do Arrast\u00e3o em S\u00e3o Sebasti\u00e3o"},"content":{"rendered":"\n<p>Localizada a 7 km do Centro de S\u00e3o Sebasti\u00e3o, a praia do Arrast\u00e3o \u00e9 bem pequena e muito limpa e o mar \u00e9 bem calmo, sendo apropriado para fam\u00edlias com crian\u00e7as. Os servi\u00e7os de praia ficam por conta de 2 quiosques que nem sempre est\u00e3o abertos e algumas \u00e1rvores que oferecem sombra para fugir do sol. A praia fica bem ao lado da rodovia que tem muitos lugares para estacionar.<\/p>\n\n\n\n<div class=\"wp-block-columns is-layout-flex wp-container-core-columns-is-layout-9d6595d7 wp-block-columns-is-layout-flex\">\n<div class=\"wp-block-column is-layout-flow wp-block-column-is-layout-flow\">\n<figure class=\"wp-block-image size-full\"><img loading=\"lazy\" decoding=\"async\" width=\"600\" height=\"400\" src=\"https:\/\/saosebastiao.tur.br\/web\/wp-content\/uploads\/praia-do-arrastao-em-sao-sebastiao.jpg\" alt=\"\" class=\"wp-image-396\" srcset=\"https:\/\/saosebastiao.tur.br\/web\/wp-content\/uploads\/praia-do-arrastao-em-sao-sebastiao.jpg 600w, https:\/\/saosebastiao.tur.br\/web\/wp-content\/uploads\/praia-do-arrastao-em-sao-sebastiao-300x200.jpg 300w\" sizes=\"auto, (max-width: 600px) 100vw, 600px\" \/><\/figure>\n<\/div>\n\n\n\n<div class=\"wp-block-column is-layout-flow wp-block-column-is-layout-flow\"><\/div>\n\n\n\n<div class=\"wp-block-column is-layout-flow wp-block-column-is-layout-flow\"><\/div>\n\n\n\n<div class=\"wp-block-column is-layout-flow wp-block-column-is-layout-flow\"><\/div>\n<\/div>\n","protected":false},"excerpt":{"rendered":"<p>Localizada a 7 km do Centro de S\u00e3o Sebasti\u00e3o, a praia do Arrast\u00e3o \u00e9 bem pequena e muito limpa e o mar \u00e9 bem calmo, sendo apropriado para fam\u00edlias com crian\u00e7as. Os servi\u00e7os de praia ficam por conta de 2 quiosques que nem sempre est\u00e3o abertos e algumas \u00e1rvores que oferecem sombra para fugir do&#8230;<\/p>\n","protected":false},"author":1,"featured_media":0,"parent":0,"menu_order":0,"comment_status":"closed","ping_status":"closed","template":"","meta":{"_kadence_starter_templates_imported_post":false,"_kad_post_transparent":"","_kad_post_title":"","_kad_post_layout":"","_kad_post_sidebar_id":"","_kad_post_content_style":"","_kad_post_vertical_padding":"","_kad_post_feature":"","_kad_post_feature_position":"","_kad_post_header":false,"_kad_post_footer":false,"footnotes":""},"class_list":["post-26","page","type-page","status-publish","hentry"],"_links":{"self":[{"href":"https:\/\/saosebastiao.tur.br\/web\/wp-json\/wp\/v2\/pages\/26","targetHints":{"allow":["GET"]}}],"collection":[{"href":"https:\/\/saosebastiao.tur.br\/web\/wp-json\/wp\/v2\/pages"}],"about":[{"href":"https:\/\/saosebastiao.tur.br\/web\/wp-json\/wp\/v2\/types\/page"}],"author":[{"embeddable":true,"href":"https:\/\/saosebastiao.tur.br\/web\/wp-json\/wp\/v2\/users\/1"}],"replies":[{"embeddable":true,"href":"https:\/\/saosebastiao.tur.br\/web\/wp-json\/wp\/v2\/comments?post=26"}],"version-history":[{"count":3,"href":"https:\/\/saosebastiao.tur.br\/web\/wp-json\/wp\/v2\/pages\/26\/revisions"}],"predecessor-version":[{"id":397,"href":"https:\/\/saosebastiao.tur.br\/web\/wp-json\/wp\/v2\/pages\/26\/revisions\/397"}],"wp:attachment":[{"href":"https:\/\/saosebastiao.tur.br\/web\/wp-json\/wp\/v2\/media?parent=26"}],"curies":[{"name":"wp","href":"https:\/\/api.w.org\/{rel}","templated":true}]}}