{"id":298,"date":"2024-08-10T14:39:26","date_gmt":"2024-08-10T17:39:26","guid":{"rendered":"https:\/\/saosebastiao.tur.br\/web\/?page_id=298"},"modified":"2024-08-10T14:54:40","modified_gmt":"2024-08-10T17:54:40","slug":"historia-do-porto-de-sao-sebastiao","status":"publish","type":"page","link":"https:\/\/saosebastiao.tur.br\/web\/historia-do-porto-de-sao-sebastiao\/","title":{"rendered":"Hist\u00f3ria do porto de S\u00e3o Sebasti\u00e3o"},"content":{"rendered":"\n<h2 class=\"wp-block-heading has-text-align-center\">O porto como fator de desenvolvimento econ\u00f4mico<\/h2>\n\n\n\n<div class=\"wp-block-columns is-layout-flex wp-container-core-columns-is-layout-9d6595d7 wp-block-columns-is-layout-flex\">\n<div class=\"wp-block-column is-layout-flow wp-block-column-is-layout-flow\">\n<figure class=\"wp-block-image size-full\"><img loading=\"lazy\" decoding=\"async\" width=\"379\" height=\"189\" src=\"https:\/\/saosebastiao.tur.br\/web\/wp-content\/uploads\/porto-sao-sebastiao.jpg\" alt=\"\" class=\"wp-image-299\" srcset=\"https:\/\/saosebastiao.tur.br\/web\/wp-content\/uploads\/porto-sao-sebastiao.jpg 379w, https:\/\/saosebastiao.tur.br\/web\/wp-content\/uploads\/porto-sao-sebastiao-300x150.jpg 300w\" sizes=\"auto, (max-width: 379px) 100vw, 379px\" \/><\/figure>\n\n\n\n<p>Casa grande e engenho de cana de a\u00e7\u00facar<\/p>\n<\/div>\n\n\n\n<div class=\"wp-block-column is-layout-flow wp-block-column-is-layout-flow\">\n<p>O desenvolvimento econ\u00f4mico foi baseado em culturas como a cana de a\u00e7\u00facar, o caf\u00e9, o fumo e a pesca da baleia. O porto local, de grande calado natural, era utilizado para o transporte de mercadorias e tamb\u00e9m pelos navios que faziam o transporte do ouro das Minas Gerais, e tamb\u00e9m por piratas e contrabandistas. Na metade do s\u00e9culo passado a regi\u00e3o tinha 106 fazendas, onde 2.185 escravos produziram 86 mil arrobas de caf\u00e9 no ano de 1854.<\/p>\n\n\n\n<p>A economia sebastianense entra em decl\u00ednio com a aboli\u00e7\u00e3o da escravatura e abertura da ferrovia Santos-S\u00e3o Paulo, o que aumentou a sa\u00edda de mercadorias pelo porto de Santos. \u00c9 quando passam a predominar a pesca artesanal e a agricultura de subsist\u00eancia, com pequenas ro\u00e7as de mandioca, feij\u00e3o e milho, caracter\u00edstica das comunidades cai\u00e7aras isoladas mesmo nos dias de hoje. Nos anos 40, implanta-se a infra-estrutura portu\u00e1ria e nos anos 60 chega o terminal mar\u00edtimo de petr\u00f3leo, da Petrobras, fatores decisivos para a retomada do desenvolvimento econ\u00f4mico. A &#8220;descoberta&#8221; de S\u00e3o Sebasti\u00e3o como destino tur\u00edstico depois da abertura da rodovia Rio-Santos no final dos anos 70 veio proporcionar a S\u00e3o Sebasti\u00e3o mais uma oportunidade de desenvolvimento, agora baseada no turismo. De maneira controlada e ecol\u00f3gica, o turismo hoje \u00e9 a voca\u00e7\u00e3o assumida pelos sebastianenses movimentar sua economia.<\/p>\n\n\n\n<p>Veja tamb\u00e9m:<\/p>\n\n\n\n<ol class=\"wp-block-list\">\n<li><a href=\"https:\/\/saosebastiao.tur.br\/web\/historia-de-piratas-e-corsarios-em-sao-sebastiao\/\" data-type=\"page\" data-id=\"301\">Piratas e Cors\u00e1rios<\/a><\/li>\n\n\n\n<li><a href=\"https:\/\/saosebastiao.tur.br\/web\/historia-do-porto-de-sao-sebastiao\/\" data-type=\"page\" data-id=\"298\">O Porto como Fator de desenvolvimento econ\u00f4mico<\/a><\/li>\n\n\n\n<li><a href=\"https:\/\/saosebastiao.tur.br\/web\/historia-dos-transportes-em-sao-sebastiao\/\" data-type=\"page\" data-id=\"292\">Transportes<\/a><\/li>\n\n\n\n<li><a href=\"https:\/\/saosebastiao.tur.br\/web\/historia-politica-de-sao-sebastiao\/\" data-type=\"page\" data-id=\"279\">Pol\u00edtica<\/a><\/li>\n\n\n\n<li><a href=\"https:\/\/saosebastiao.tur.br\/web\/historia-da-escravatura-em-sao-sebastiao\/\" data-type=\"page\" data-id=\"270\">Escravatura<\/a><\/li>\n\n\n\n<li><a href=\"https:\/\/saosebastiao.tur.br\/web\/historia-da-formacao-fundiaria-de-sao-sebastiao\/\" data-type=\"page\" data-id=\"263\">Forma\u00e7\u00e3o Fundi\u00e1ria<\/a><\/li>\n\n\n\n<li><a href=\"https:\/\/saosebastiao.tur.br\/web\/historia-do-comercio-em-sao-sebastiao\/\" data-type=\"page\" data-id=\"254\">Com\u00e9rcio<\/a><\/li>\n<\/ol>\n<\/div>\n<\/div>\n","protected":false},"excerpt":{"rendered":"<p>O porto como fator de desenvolvimento econ\u00f4mico Casa grande e engenho de cana de a\u00e7\u00facar O desenvolvimento econ\u00f4mico foi baseado em culturas como a cana de a\u00e7\u00facar, o caf\u00e9, o fumo e a pesca da baleia. O porto local, de grande calado natural, era utilizado para o transporte de mercadorias e tamb\u00e9m pelos navios que&#8230;<\/p>\n","protected":false},"author":1,"featured_media":0,"parent":0,"menu_order":0,"comment_status":"closed","ping_status":"closed","template":"","meta":{"_kadence_starter_templates_imported_post":false,"_kad_post_transparent":"","_kad_post_title":"","_kad_post_layout":"","_kad_post_sidebar_id":"","_kad_post_content_style":"","_kad_post_vertical_padding":"","_kad_post_feature":"","_kad_post_feature_position":"","_kad_post_header":false,"_kad_post_footer":false,"footnotes":""},"class_list":["post-298","page","type-page","status-publish","hentry"],"_links":{"self":[{"href":"https:\/\/saosebastiao.tur.br\/web\/wp-json\/wp\/v2\/pages\/298","targetHints":{"allow":["GET"]}}],"collection":[{"href":"https:\/\/saosebastiao.tur.br\/web\/wp-json\/wp\/v2\/pages"}],"about":[{"href":"https:\/\/saosebastiao.tur.br\/web\/wp-json\/wp\/v2\/types\/page"}],"author":[{"embeddable":true,"href":"https:\/\/saosebastiao.tur.br\/web\/wp-json\/wp\/v2\/users\/1"}],"replies":[{"embeddable":true,"href":"https:\/\/saosebastiao.tur.br\/web\/wp-json\/wp\/v2\/comments?post=298"}],"version-history":[{"count":2,"href":"https:\/\/saosebastiao.tur.br\/web\/wp-json\/wp\/v2\/pages\/298\/revisions"}],"predecessor-version":[{"id":312,"href":"https:\/\/saosebastiao.tur.br\/web\/wp-json\/wp\/v2\/pages\/298\/revisions\/312"}],"wp:attachment":[{"href":"https:\/\/saosebastiao.tur.br\/web\/wp-json\/wp\/v2\/media?parent=298"}],"curies":[{"name":"wp","href":"https:\/\/api.w.org\/{rel}","templated":true}]}}