{"id":324,"date":"2024-08-10T15:46:06","date_gmt":"2024-08-10T18:46:06","guid":{"rendered":"https:\/\/saosebastiao.tur.br\/web\/?page_id=324"},"modified":"2024-08-10T15:46:06","modified_gmt":"2024-08-10T18:46:06","slug":"historia-do-santo-sao-sebastiao","status":"publish","type":"page","link":"https:\/\/saosebastiao.tur.br\/web\/historia-do-santo-sao-sebastiao\/","title":{"rendered":"Hist\u00f3ria do Santo S\u00e3o Sebasti\u00e3o"},"content":{"rendered":"\n<div class=\"wp-block-columns is-layout-flex wp-container-core-columns-is-layout-9d6595d7 wp-block-columns-is-layout-flex\">\n<div class=\"wp-block-column is-layout-flow wp-block-column-is-layout-flow\">\n<figure class=\"wp-block-image size-full\"><img loading=\"lazy\" decoding=\"async\" width=\"500\" height=\"301\" src=\"https:\/\/saosebastiao.tur.br\/web\/wp-content\/uploads\/santo-pq-1.jpg\" alt=\"\" class=\"wp-image-325\" srcset=\"https:\/\/saosebastiao.tur.br\/web\/wp-content\/uploads\/santo-pq-1.jpg 500w, https:\/\/saosebastiao.tur.br\/web\/wp-content\/uploads\/santo-pq-1-300x181.jpg 300w\" sizes=\"auto, (max-width: 500px) 100vw, 500px\" \/><\/figure>\n<\/div>\n\n\n\n<div class=\"wp-block-column is-layout-flow wp-block-column-is-layout-flow\">\n<p>Ele teria chegado a Roma atrav\u00e9s de caravanas de migra\u00e7\u00e3o lenta pelas costas do mar mediterr\u00e2neo, que na \u00e9poca era muito abundante de causa do mar mediterr\u00e2neo e o sahara e os dias n\u00e3o t\u00e3o quente por causa da latitude em torno de 40\u00b0. De acordo com Actos ap\u00f3crifos, atribu\u00eddos a Santo Ambr\u00f3sio de Mil\u00e3o, Sebasti\u00e3o era um soldado que teria se alistado no ex\u00e9rcito romano por volta de 283 d.C. com a \u00fanica inten\u00e7\u00e3o de afirmar o cora\u00e7\u00e3o dos crist\u00e3os, enfraquecido diante das torturas. Era querido dos imperadores Diocleciano e Maximiano, que o queriam sempre pr\u00f3ximo, ignorando tratar-se de um crist\u00e3o e, por isso, o designaram capit\u00e3o da sua guarda pessoal, a Guarda Pretoriana. Por volta de 286, a sua conduta branda para com os prisioneiros crist\u00e3os levou o imperador a julg\u00e1-lo sumariamente como traidor, tendo ordenado a sua execu\u00e7\u00e3o por meio de flechas (que se tornaram s\u00edmbolo constante na sua iconografia). Foi dado como morto e atirado no rio, por\u00e9m, Sebasti\u00e3o n\u00e3o havia falecido. Encontrado e socorrido por Irene (Santa Irene), apresentou-se novamente diante de Diocleciano, que ordenou ent\u00e3o que ele fosse espancado at\u00e9 a morte.<br>Seu corpo foi jogado no esgoto p\u00fablico de Roma. Luciana (Santa Luciana, cujo dia \u00e9 comemorado a 30 de Junho) resgatou seu corpo, limpou-o, e sepultou-o nas catacumbas.<\/p>\n\n\n\n<p>Fonte: Wikipedia<\/p>\n<\/div>\n<\/div>\n","protected":false},"excerpt":{"rendered":"<p>Ele teria chegado a Roma atrav\u00e9s de caravanas de migra\u00e7\u00e3o lenta pelas costas do mar mediterr\u00e2neo, que na \u00e9poca era muito abundante de causa do mar mediterr\u00e2neo e o sahara e os dias n\u00e3o t\u00e3o quente por causa da latitude em torno de 40\u00b0. De acordo com Actos ap\u00f3crifos, atribu\u00eddos a Santo Ambr\u00f3sio de Mil\u00e3o,&#8230;<\/p>\n","protected":false},"author":1,"featured_media":0,"parent":0,"menu_order":0,"comment_status":"closed","ping_status":"closed","template":"","meta":{"_kadence_starter_templates_imported_post":false,"_kad_post_transparent":"","_kad_post_title":"","_kad_post_layout":"","_kad_post_sidebar_id":"","_kad_post_content_style":"","_kad_post_vertical_padding":"","_kad_post_feature":"","_kad_post_feature_position":"","_kad_post_header":false,"_kad_post_footer":false,"footnotes":""},"class_list":["post-324","page","type-page","status-publish","hentry"],"_links":{"self":[{"href":"https:\/\/saosebastiao.tur.br\/web\/wp-json\/wp\/v2\/pages\/324","targetHints":{"allow":["GET"]}}],"collection":[{"href":"https:\/\/saosebastiao.tur.br\/web\/wp-json\/wp\/v2\/pages"}],"about":[{"href":"https:\/\/saosebastiao.tur.br\/web\/wp-json\/wp\/v2\/types\/page"}],"author":[{"embeddable":true,"href":"https:\/\/saosebastiao.tur.br\/web\/wp-json\/wp\/v2\/users\/1"}],"replies":[{"embeddable":true,"href":"https:\/\/saosebastiao.tur.br\/web\/wp-json\/wp\/v2\/comments?post=324"}],"version-history":[{"count":1,"href":"https:\/\/saosebastiao.tur.br\/web\/wp-json\/wp\/v2\/pages\/324\/revisions"}],"predecessor-version":[{"id":326,"href":"https:\/\/saosebastiao.tur.br\/web\/wp-json\/wp\/v2\/pages\/324\/revisions\/326"}],"wp:attachment":[{"href":"https:\/\/saosebastiao.tur.br\/web\/wp-json\/wp\/v2\/media?parent=324"}],"curies":[{"name":"wp","href":"https:\/\/api.w.org\/{rel}","templated":true}]}}