{"id":327,"date":"2024-08-10T15:53:31","date_gmt":"2024-08-10T18:53:31","guid":{"rendered":"https:\/\/saosebastiao.tur.br\/web\/?page_id=327"},"modified":"2024-08-12T09:35:21","modified_gmt":"2024-08-12T12:35:21","slug":"informacoes-uteis-em-sao-sebastiao","status":"publish","type":"page","link":"https:\/\/saosebastiao.tur.br\/web\/informacoes-uteis-em-sao-sebastiao\/","title":{"rendered":"Informa\u00e7\u00f5es \u00fateis em S\u00e3o Sebasti\u00e3o"},"content":{"rendered":"\n<p class=\"has-text-align-center\"><strong>Previs\u00e3o de tempo e condi\u00e7\u00e3o de praias em S\u00e3o Sebasti\u00e3o<\/strong><\/p>\n\n\n\n<div class=\"wp-block-columns is-layout-flex wp-container-core-columns-is-layout-9d6595d7 wp-block-columns-is-layout-flex\">\n<div class=\"wp-block-column is-layout-flow wp-block-column-is-layout-flow\"><div class=\"wp-block-image\">\n<figure class=\"aligncenter size-full\"><img loading=\"lazy\" decoding=\"async\" width=\"300\" height=\"180\" src=\"https:\/\/saosebastiao.tur.br\/web\/wp-content\/uploads\/cetesb.jpg\" alt=\"\" class=\"wp-image-328\"\/><\/figure>\n<\/div>\n\n\n<p class=\"has-text-align-center\"><strong>Cetesb<\/strong><br>Condi\u00e7\u00e3o das praias<br>Mapa de Qualidade das Praias do Litoral<br>de S\u00e3o Paulo<\/p>\n\n\n\n<div class=\"wp-block-buttons is-content-justification-center is-layout-flex wp-container-core-buttons-is-layout-16018d1d wp-block-buttons-is-layout-flex\">\n<div class=\"wp-block-button\"><a class=\"wp-block-button__link wp-element-button\" href=\"https:\/\/arcgis.cetesb.sp.gov.br\/portal\/apps\/experiencebuilder\/experience\/?id=bdd0cbd4bf094df9a000bf663254c21f&amp;page=Classifica\u00e7\u00e3o-Atual\" target=\"_blank\" rel=\"noreferrer noopener\">Leia mais&#8230;<\/a><\/div>\n<\/div>\n<\/div>\n\n\n\n<div class=\"wp-block-column is-layout-flow wp-block-column-is-layout-flow\"><\/div>\n\n\n\n<div class=\"wp-block-column is-layout-flow wp-block-column-is-layout-flow\"><\/div>\n<\/div>\n","protected":false},"excerpt":{"rendered":"<p>Previs\u00e3o de tempo e condi\u00e7\u00e3o de praias em S\u00e3o Sebasti\u00e3o CetesbCondi\u00e7\u00e3o das praiasMapa de Qualidade das Praias do Litoralde S\u00e3o Paulo<\/p>\n","protected":false},"author":1,"featured_media":0,"parent":0,"menu_order":0,"comment_status":"closed","ping_status":"closed","template":"","meta":{"_kadence_starter_templates_imported_post":false,"_kad_post_transparent":"","_kad_post_title":"","_kad_post_layout":"","_kad_post_sidebar_id":"","_kad_post_content_style":"","_kad_post_vertical_padding":"","_kad_post_feature":"","_kad_post_feature_position":"","_kad_post_header":false,"_kad_post_footer":false,"footnotes":""},"class_list":["post-327","page","type-page","status-publish","hentry"],"_links":{"self":[{"href":"https:\/\/saosebastiao.tur.br\/web\/wp-json\/wp\/v2\/pages\/327","targetHints":{"allow":["GET"]}}],"collection":[{"href":"https:\/\/saosebastiao.tur.br\/web\/wp-json\/wp\/v2\/pages"}],"about":[{"href":"https:\/\/saosebastiao.tur.br\/web\/wp-json\/wp\/v2\/types\/page"}],"author":[{"embeddable":true,"href":"https:\/\/saosebastiao.tur.br\/web\/wp-json\/wp\/v2\/users\/1"}],"replies":[{"embeddable":true,"href":"https:\/\/saosebastiao.tur.br\/web\/wp-json\/wp\/v2\/comments?post=327"}],"version-history":[{"count":4,"href":"https:\/\/saosebastiao.tur.br\/web\/wp-json\/wp\/v2\/pages\/327\/revisions"}],"predecessor-version":[{"id":361,"href":"https:\/\/saosebastiao.tur.br\/web\/wp-json\/wp\/v2\/pages\/327\/revisions\/361"}],"wp:attachment":[{"href":"https:\/\/saosebastiao.tur.br\/web\/wp-json\/wp\/v2\/media?parent=327"}],"curies":[{"name":"wp","href":"https:\/\/api.w.org\/{rel}","templated":true}]}}