{"id":347,"date":"2024-08-12T09:00:03","date_gmt":"2024-08-12T12:00:03","guid":{"rendered":"https:\/\/saosebastiao.tur.br\/web\/?page_id=347"},"modified":"2024-08-12T09:20:41","modified_gmt":"2024-08-12T12:20:41","slug":"como-chegar-em-sao-sebastiao","status":"publish","type":"page","link":"https:\/\/saosebastiao.tur.br\/web\/como-chegar-em-sao-sebastiao\/","title":{"rendered":"Como chegar em S\u00e3o Sebasti\u00e3o"},"content":{"rendered":"\n<h4 class=\"wp-block-heading\">Localiza\u00e7\u00e3o<\/h4>\n\n\n\n<p>S\u00e3o Sebasti\u00e3o situa-se no Litoral Norte do Estado de S\u00e3o Paulo, Sudeste do Brasil. Divisa com Caraguatatuba (ao Norte), Bertioga (ao Sul), Sales\u00f3polis (a Oeste) e o Oceano Atl\u00e2ntico e Ilhabela (a Leste). Longitude : 45 21\u00b4 00&#8243; W Latitude : 23 21\u00b4 20&#8243; S<\/p>\n\n\n\n<h4 class=\"wp-block-heading\">Dist\u00e2ncias<\/h4>\n\n\n\n<p>S\u00e3o Paulo &#8211; 209 Km (Via Tamoios)<br>Rio de Janeiro &#8211; 450 Km (Via Rio-Santos)<br>S\u00e3o Jos\u00e9 dos Campos &#8211; 110 Km (Tamoios)<br>Santos &#8211; 144 Km (Rio-Santos)<\/p>\n\n\n\n<h4 class=\"wp-block-heading\">Acessos<\/h4>\n\n\n\n<p>Aeroportos Internacionais &#8211; Cumbica em S\u00e3o Paulo e Gale\u00e3o no Rio de Janeiro. Ambos permitem transbordo para o Aeroporto de S\u00e3o Jos\u00e9 dos Campos.<\/p>\n\n\n\n<h4 class=\"wp-block-heading\">De autom\u00f3vel<\/h4>\n\n\n\n<p>Rio de Janeiro &#8211; acesso pela Rodovia Rio-Santos<\/p>\n\n\n\n<p>S\u00e3o Paulo<\/p>\n\n\n\n<p>Rodovia Ayrton Senna at\u00e9 Mogi das Cruzes, acessar a Mogi-Bertioga e Rio-Santos indo na dire\u00e7\u00e3o Norte at\u00e9 S\u00e3o Sebasti\u00e3o.<\/p>\n\n\n\n<p>Ayrton Senna &#8211; Carvalho Pinto e Rodovia dos Tamoios at\u00e9 Caraguatatuba, seguindo pela Rio-Santos na dire\u00e7\u00e3o Sul at\u00e9 S\u00e3o Sebasti\u00e3o.<\/p>\n\n\n\n<h4 class=\"wp-block-heading\">De \u00f4nibus<\/h4>\n\n\n\n<p>Litor\u00e2nea &#8211; SP F.: (11) 3775-3861 ou (11) 3775-3850 e 0800 999 701 &#8211; Site: www.passaromarron.com.br<\/p>\n\n\n\n<p>Breda &#8211; SP F.: (11) 4790 5882 &#8211; Site: www.bredaservicos.com.br<\/p>\n\n\n\n<p>\u00datil &#8211; RJ &#8211; F.: 0800 886 1000 &#8211; Site: www.util.com.br<\/p>\n\n\n\n<iframe src=\"https:\/\/www.google.com\/maps\/embed?pb=!1m24!1m8!1m3!1d468297.1193657272!2d-46.018115!3d-23.511948!3m2!1i1024!2i768!4f13.1!4m13!3e0!4m5!1s0x94ce59abaaae4233%3A0xd9186faf714bc5b1!2sPra%C3%A7a%20da%20S%C3%A9%20-%20Se%2C%20S%C3%A3o%20Paulo%20-%20SP%2C%2001001-000%2C%20Brasil!3m2!1d-23.5503099!2d-46.634200899999996!4m5!1s0x94d27f94c6dd56fd%3A0x546010e330dcb8e7!2zU8OjbyBTZWJhc3Rpw6NvLCBTUCwgQnJhc2ls!3m2!1d-23.801073799999998!2d-45.402604!5e0!3m2!1spt-BR!2sus!4v1723465131316!5m2!1spt-BR!2sus\" width=\"1200\" height=\"650\" style=\"border:0;\" allowfullscreen=\"\" loading=\"lazy\" referrerpolicy=\"no-referrer-when-downgrade\"><\/iframe>\n","protected":false},"excerpt":{"rendered":"<p>Localiza\u00e7\u00e3o S\u00e3o Sebasti\u00e3o situa-se no Litoral Norte do Estado de S\u00e3o Paulo, Sudeste do Brasil. Divisa com Caraguatatuba (ao Norte), Bertioga (ao Sul), Sales\u00f3polis (a Oeste) e o Oceano Atl\u00e2ntico e Ilhabela (a Leste). Longitude : 45 21\u00b4 00&#8243; W Latitude : 23 21\u00b4 20&#8243; S Dist\u00e2ncias S\u00e3o Paulo &#8211; 209 Km (Via Tamoios)Rio de&#8230;<\/p>\n","protected":false},"author":1,"featured_media":0,"parent":0,"menu_order":0,"comment_status":"closed","ping_status":"closed","template":"","meta":{"_kadence_starter_templates_imported_post":false,"_kad_post_transparent":"","_kad_post_title":"","_kad_post_layout":"","_kad_post_sidebar_id":"","_kad_post_content_style":"","_kad_post_vertical_padding":"","_kad_post_feature":"","_kad_post_feature_position":"","_kad_post_header":false,"_kad_post_footer":false,"footnotes":""},"class_list":["post-347","page","type-page","status-publish","hentry"],"_links":{"self":[{"href":"https:\/\/saosebastiao.tur.br\/web\/wp-json\/wp\/v2\/pages\/347","targetHints":{"allow":["GET"]}}],"collection":[{"href":"https:\/\/saosebastiao.tur.br\/web\/wp-json\/wp\/v2\/pages"}],"about":[{"href":"https:\/\/saosebastiao.tur.br\/web\/wp-json\/wp\/v2\/types\/page"}],"author":[{"embeddable":true,"href":"https:\/\/saosebastiao.tur.br\/web\/wp-json\/wp\/v2\/users\/1"}],"replies":[{"embeddable":true,"href":"https:\/\/saosebastiao.tur.br\/web\/wp-json\/wp\/v2\/comments?post=347"}],"version-history":[{"count":4,"href":"https:\/\/saosebastiao.tur.br\/web\/wp-json\/wp\/v2\/pages\/347\/revisions"}],"predecessor-version":[{"id":351,"href":"https:\/\/saosebastiao.tur.br\/web\/wp-json\/wp\/v2\/pages\/347\/revisions\/351"}],"wp:attachment":[{"href":"https:\/\/saosebastiao.tur.br\/web\/wp-json\/wp\/v2\/media?parent=347"}],"curies":[{"name":"wp","href":"https:\/\/api.w.org\/{rel}","templated":true}]}}