{"id":362,"date":"2024-08-12T14:24:10","date_gmt":"2024-08-12T17:24:10","guid":{"rendered":"https:\/\/saosebastiao.tur.br\/web\/?page_id=362"},"modified":"2024-08-12T14:24:10","modified_gmt":"2024-08-12T17:24:10","slug":"trilhas-em-sao-sebastiao","status":"publish","type":"page","link":"https:\/\/saosebastiao.tur.br\/web\/trilhas-em-sao-sebastiao\/","title":{"rendered":"Trilhas em S\u00e3o Sebasti\u00e3o"},"content":{"rendered":"\n<div class=\"wp-block-media-text is-stacked-on-mobile is-vertically-aligned-top\"><figure class=\"wp-block-media-text__media\"><img loading=\"lazy\" decoding=\"async\" width=\"800\" height=\"900\" src=\"https:\/\/saosebastiao.tur.br\/web\/wp-content\/uploads\/trilha-em-sao-sebastiao.jpg\" alt=\"pessoas fazendo trilha pela mata em s\u00e3o sebasti\u00e3o\" class=\"wp-image-240 size-full\" srcset=\"https:\/\/saosebastiao.tur.br\/web\/wp-content\/uploads\/trilha-em-sao-sebastiao.jpg 800w, https:\/\/saosebastiao.tur.br\/web\/wp-content\/uploads\/trilha-em-sao-sebastiao-267x300.jpg 267w, https:\/\/saosebastiao.tur.br\/web\/wp-content\/uploads\/trilha-em-sao-sebastiao-768x864.jpg 768w\" sizes=\"auto, (max-width: 800px) 100vw, 800px\" \/><\/figure><div class=\"wp-block-media-text__content\">\n<p>Nada melhor que ver \u00e0 sua volta s\u00f3 o verde, escutar os p\u00e1ssaros e sentir o discreto e \u00famido perfume da Mata Atl\u00e2ntica. Em S\u00e3o Sebasti\u00e3o isso \u00e9 poss\u00edvel em v\u00e1rias trilhas, com op\u00e7\u00f5es para todos os tipos de trekkers, desde iniciantes at\u00e9 os mais escolados. A trilha mais famosa \u00e9 a do Ribeir\u00e3o do It\u00fa, que parte da estrada do Rio Pardo, em dire\u00e7\u00e3o a Sales\u00f3polis, at\u00e9 Boi\u00e7ucanga. Para inici\u00e1-la \u00e9 preciso contar com a colabora\u00e7\u00e3o de um motorista, para deixar o grupo no alto da serra, numa entrada que n\u00e3o \u00e9 sinalizada. Durante o caminho, que deve ser feito com sapatos que podem ser molhados, cruza-se v\u00e1rias vezes o rio em alguns recantos com cachoeiras incr\u00edveis. No meio, o s\u00edtio de Dito Cachimbo, um ermit\u00e3o que sempre viveu sozinho por ali, mas que n\u00e3o recusa uma conversa. Depois de muitas brom\u00e9lias, orqu\u00eddeas, \u00e1rvores a perder de vista, chega-se \u00e0 ultima parte da cachoeira, j\u00e1 em Boi\u00e7ucanga. A trilha dura seis horas e o banho gelado serve para dar uma rebatida no delicioso cansa\u00e7o e na alma renovada. A trilha da Praia Brava tamb\u00e9m \u00e9 uma op\u00e7\u00e3o, saindo de um ponto entre Maresias e Boi\u00e7ucanga. Menos selvagem, mas tamb\u00e9m dif\u00edcil, pois tem uma subida radical, a trilha pode ser percorrida de moto. O pr\u00eamio \u00e9 a chegada \u00e0 praia, para\u00edso principalmente para os surfistas. Na Ilha dos Gatos, v\u00e1rias trilhas exploram a \u00e1rea. O caminho que conduz \u00e0s ru\u00ednas da antiga casa grande tem \u00e1rvores e subidas radicais, assim como a picada em dire\u00e7\u00e3o \u00e0 caixa d&#8217;\u00e1gua. Outra Praia Brava pode ser alcan\u00e7ada a partir do sul do Guaec\u00e1. A trilha dura cerca de meia hora dentro do mato e pode ser um dos primeiros passos para quem est\u00e1 come\u00e7ando a andar na mata. Ainda mais leve \u00e9 o caminho que conduz at\u00e9 a ponta entre Pa\u00faba e Maresias, com entrada do lado sul da praia de Pa\u00faba. Escolha um final de tarde de ver\u00e3o e presencie na ponta o espet\u00e1culo do p\u00f4r-do-sol no mar. A maior parte das praias da Costa Sul t\u00eam trilhas que comunicam os sert\u00f5es entre si. Muitos destes caminhos foram abertos por cai\u00e7aras e s\u00e3o centen\u00e1rios. O melhor ao percorrer as trilhas em S\u00e3o Sebasti\u00e3o \u00e9 procurar estar muito bem guiado, de prefer\u00eancia por guias locais. N\u00e3o se aventure s\u00f2zinho na mata. N\u00e3o fa\u00e7a gracinhas em cachoeiras. E principalmente: n\u00e3o banque o ecol\u00f3gicamente incorreto deixando um rastro de lixo por onde passar.<\/p>\n\n\n\n<h2 class=\"wp-block-heading\">Caminhada<\/h2>\n\n\n\n<p>S\u00e3o Sebasti\u00e3o tem v\u00e1rias pistas naturais para os adeptos da caminhada ou corrida matinal e de fim de tarde: as pr\u00f3prias praias. Praias com areia de tombo como Guaec\u00e1, Boi\u00e7ucanga, Toque-Toque Grande e Toque-Toque Pequeno dificultam o equil\u00edbrio. Bareque\u00e7aba \u00e9 uma boa op\u00e7\u00e3o, com sua areia compacta e plana. Na \u00e1rea central, o trecho entre o Porto Grande e o Bairro S\u00e3o Francisco \u00e9 muito utilizado para caminhadas e jogging.<\/p>\n<\/div><\/div>\n","protected":false},"excerpt":{"rendered":"<p>Nada melhor que ver \u00e0 sua volta s\u00f3 o verde, escutar os p\u00e1ssaros e sentir o discreto e \u00famido perfume da Mata Atl\u00e2ntica. Em S\u00e3o Sebasti\u00e3o isso \u00e9 poss\u00edvel em v\u00e1rias trilhas, com op\u00e7\u00f5es para todos os tipos de trekkers, desde iniciantes at\u00e9 os mais escolados. A trilha mais famosa \u00e9 a do Ribeir\u00e3o do&#8230;<\/p>\n","protected":false},"author":1,"featured_media":0,"parent":0,"menu_order":0,"comment_status":"closed","ping_status":"closed","template":"","meta":{"_kadence_starter_templates_imported_post":false,"_kad_post_transparent":"","_kad_post_title":"","_kad_post_layout":"","_kad_post_sidebar_id":"","_kad_post_content_style":"","_kad_post_vertical_padding":"","_kad_post_feature":"","_kad_post_feature_position":"","_kad_post_header":false,"_kad_post_footer":false,"footnotes":""},"class_list":["post-362","page","type-page","status-publish","hentry"],"_links":{"self":[{"href":"https:\/\/saosebastiao.tur.br\/web\/wp-json\/wp\/v2\/pages\/362","targetHints":{"allow":["GET"]}}],"collection":[{"href":"https:\/\/saosebastiao.tur.br\/web\/wp-json\/wp\/v2\/pages"}],"about":[{"href":"https:\/\/saosebastiao.tur.br\/web\/wp-json\/wp\/v2\/types\/page"}],"author":[{"embeddable":true,"href":"https:\/\/saosebastiao.tur.br\/web\/wp-json\/wp\/v2\/users\/1"}],"replies":[{"embeddable":true,"href":"https:\/\/saosebastiao.tur.br\/web\/wp-json\/wp\/v2\/comments?post=362"}],"version-history":[{"count":1,"href":"https:\/\/saosebastiao.tur.br\/web\/wp-json\/wp\/v2\/pages\/362\/revisions"}],"predecessor-version":[{"id":363,"href":"https:\/\/saosebastiao.tur.br\/web\/wp-json\/wp\/v2\/pages\/362\/revisions\/363"}],"wp:attachment":[{"href":"https:\/\/saosebastiao.tur.br\/web\/wp-json\/wp\/v2\/media?parent=362"}],"curies":[{"name":"wp","href":"https:\/\/api.w.org\/{rel}","templated":true}]}}