{"id":373,"date":"2024-08-12T15:51:24","date_gmt":"2024-08-12T18:51:24","guid":{"rendered":"https:\/\/saosebastiao.tur.br\/web\/?page_id=373"},"modified":"2024-08-12T15:51:24","modified_gmt":"2024-08-12T18:51:24","slug":"ciclismo-em-sao-sebastiao","status":"publish","type":"page","link":"https:\/\/saosebastiao.tur.br\/web\/ciclismo-em-sao-sebastiao\/","title":{"rendered":"Ciclismo\u00a0em S\u00e3o Sebasti\u00e3o"},"content":{"rendered":"\n<div class=\"wp-block-columns is-layout-flex wp-container-core-columns-is-layout-9d6595d7 wp-block-columns-is-layout-flex\">\n<div class=\"wp-block-column is-layout-flow wp-block-column-is-layout-flow\">\n<figure class=\"wp-block-image size-full\"><img loading=\"lazy\" decoding=\"async\" width=\"400\" height=\"300\" src=\"https:\/\/saosebastiao.tur.br\/web\/wp-content\/uploads\/ciclismo-em-sao-sebastiao.jpg\" alt=\"\" class=\"wp-image-374\" srcset=\"https:\/\/saosebastiao.tur.br\/web\/wp-content\/uploads\/ciclismo-em-sao-sebastiao.jpg 400w, https:\/\/saosebastiao.tur.br\/web\/wp-content\/uploads\/ciclismo-em-sao-sebastiao-300x225.jpg 300w\" sizes=\"auto, (max-width: 400px) 100vw, 400px\" \/><\/figure>\n<\/div>\n\n\n\n<div class=\"wp-block-column is-layout-flow wp-block-column-is-layout-flow\">\n<p>Andar de bicicleta \u00e9 uma mania em S\u00e3o Sebasti\u00e3o. A garotada pode se divertir nas pra\u00e7as da regi\u00e3o central ou nas duas pequenas ciclovias na Praia Deserta e no Bairro S\u00e3o Francisco. No ver\u00e3o acontece tradicionalmente o Passeio Cicl\u00edstico Noturno, que j\u00e1 chegou a reunir 3 mil ciclistas num descontra\u00eddo programa que avan\u00e7ou na madrugada no centro da cidade. Os mais arrojados e os triatletas profissionais escolhem as &#8220;curvas da Estrada de Santos&#8221; para a pratica do ciclismo. As subidas e descidas j\u00e1 ajudaram a forjar pernas fortes de muitas atletas e de campe\u00f5es dos circuitos nacionais e participantes do Ironman no Hawaii. Se voc\u00ea tamb\u00e9m quer entrar nessa n\u00e3o se esque\u00e7a de come\u00e7ar com calma, escolhendo uma das ciclovias ou o ret\u00e3o de Maresias, palco dos mais descolados. A Rio-Santos s\u00f3 deve ser encarada com equipamentos adequados e muita prud\u00eancia.<\/p>\n<\/div>\n<\/div>\n","protected":false},"excerpt":{"rendered":"<p>Andar de bicicleta \u00e9 uma mania em S\u00e3o Sebasti\u00e3o. A garotada pode se divertir nas pra\u00e7as da regi\u00e3o central ou nas duas pequenas ciclovias na Praia Deserta e no Bairro S\u00e3o Francisco. No ver\u00e3o acontece tradicionalmente o Passeio Cicl\u00edstico Noturno, que j\u00e1 chegou a reunir 3 mil ciclistas num descontra\u00eddo programa que avan\u00e7ou na madrugada&#8230;<\/p>\n","protected":false},"author":1,"featured_media":0,"parent":0,"menu_order":0,"comment_status":"closed","ping_status":"closed","template":"","meta":{"_kadence_starter_templates_imported_post":false,"_kad_post_transparent":"","_kad_post_title":"","_kad_post_layout":"","_kad_post_sidebar_id":"","_kad_post_content_style":"","_kad_post_vertical_padding":"","_kad_post_feature":"","_kad_post_feature_position":"","_kad_post_header":false,"_kad_post_footer":false,"footnotes":""},"class_list":["post-373","page","type-page","status-publish","hentry"],"_links":{"self":[{"href":"https:\/\/saosebastiao.tur.br\/web\/wp-json\/wp\/v2\/pages\/373","targetHints":{"allow":["GET"]}}],"collection":[{"href":"https:\/\/saosebastiao.tur.br\/web\/wp-json\/wp\/v2\/pages"}],"about":[{"href":"https:\/\/saosebastiao.tur.br\/web\/wp-json\/wp\/v2\/types\/page"}],"author":[{"embeddable":true,"href":"https:\/\/saosebastiao.tur.br\/web\/wp-json\/wp\/v2\/users\/1"}],"replies":[{"embeddable":true,"href":"https:\/\/saosebastiao.tur.br\/web\/wp-json\/wp\/v2\/comments?post=373"}],"version-history":[{"count":1,"href":"https:\/\/saosebastiao.tur.br\/web\/wp-json\/wp\/v2\/pages\/373\/revisions"}],"predecessor-version":[{"id":375,"href":"https:\/\/saosebastiao.tur.br\/web\/wp-json\/wp\/v2\/pages\/373\/revisions\/375"}],"wp:attachment":[{"href":"https:\/\/saosebastiao.tur.br\/web\/wp-json\/wp\/v2\/media?parent=373"}],"curies":[{"name":"wp","href":"https:\/\/api.w.org\/{rel}","templated":true}]}}