{"id":385,"date":"2024-08-12T16:22:06","date_gmt":"2024-08-12T19:22:06","guid":{"rendered":"https:\/\/saosebastiao.tur.br\/web\/?page_id=385"},"modified":"2024-08-12T16:22:06","modified_gmt":"2024-08-12T19:22:06","slug":"contate-nos-sao-sebastiao","status":"publish","type":"page","link":"https:\/\/saosebastiao.tur.br\/web\/contate-nos-sao-sebastiao\/","title":{"rendered":"Contate-nos\u00a0S\u00e3o Sebasti\u00e3o"},"content":{"rendered":"\n<div class=\"wp-block-columns is-layout-flex wp-container-core-columns-is-layout-9d6595d7 wp-block-columns-is-layout-flex\">\n<div class=\"wp-block-column is-layout-flow wp-block-column-is-layout-flow\">\n<figure class=\"wp-block-image size-full\"><img loading=\"lazy\" decoding=\"async\" width=\"236\" height=\"350\" src=\"https:\/\/saosebastiao.tur.br\/web\/wp-content\/uploads\/contato.jpg\" alt=\"\" class=\"wp-image-386\" srcset=\"https:\/\/saosebastiao.tur.br\/web\/wp-content\/uploads\/contato.jpg 236w, https:\/\/saosebastiao.tur.br\/web\/wp-content\/uploads\/contato-202x300.jpg 202w\" sizes=\"auto, (max-width: 236px) 100vw, 236px\" \/><\/figure>\n<\/div>\n\n\n\n<div class=\"wp-block-column is-layout-flow wp-block-column-is-layout-flow\">\n<h2 class=\"wp-block-heading\">Contate-nos<\/h2>\n\n\n\n<p>Para anunciar ou solicitar altera\u00e7\u00f5es nos an\u00fancios, por favor entre em contato:<\/p>\n\n\n\n<ul class=\"wp-block-list\">\n<li>e-mail:\u00a0<a href=\"mailto:emersonsoledade@gmail.com?subject=S\u00e3o Sebasti\u00e3o Tur\">contato@saosebastiao.tur.br<\/a><\/li>\n<\/ul>\n<\/div>\n<\/div>\n\n\n\n<p><\/p>\n","protected":false},"excerpt":{"rendered":"<p>Contate-nos Para anunciar ou solicitar altera\u00e7\u00f5es nos an\u00fancios, por favor entre em contato:<\/p>\n","protected":false},"author":1,"featured_media":0,"parent":0,"menu_order":0,"comment_status":"closed","ping_status":"closed","template":"","meta":{"_kadence_starter_templates_imported_post":false,"_kad_post_transparent":"","_kad_post_title":"","_kad_post_layout":"","_kad_post_sidebar_id":"","_kad_post_content_style":"","_kad_post_vertical_padding":"","_kad_post_feature":"","_kad_post_feature_position":"","_kad_post_header":false,"_kad_post_footer":false,"footnotes":""},"class_list":["post-385","page","type-page","status-publish","hentry"],"_links":{"self":[{"href":"https:\/\/saosebastiao.tur.br\/web\/wp-json\/wp\/v2\/pages\/385","targetHints":{"allow":["GET"]}}],"collection":[{"href":"https:\/\/saosebastiao.tur.br\/web\/wp-json\/wp\/v2\/pages"}],"about":[{"href":"https:\/\/saosebastiao.tur.br\/web\/wp-json\/wp\/v2\/types\/page"}],"author":[{"embeddable":true,"href":"https:\/\/saosebastiao.tur.br\/web\/wp-json\/wp\/v2\/users\/1"}],"replies":[{"embeddable":true,"href":"https:\/\/saosebastiao.tur.br\/web\/wp-json\/wp\/v2\/comments?post=385"}],"version-history":[{"count":1,"href":"https:\/\/saosebastiao.tur.br\/web\/wp-json\/wp\/v2\/pages\/385\/revisions"}],"predecessor-version":[{"id":387,"href":"https:\/\/saosebastiao.tur.br\/web\/wp-json\/wp\/v2\/pages\/385\/revisions\/387"}],"wp:attachment":[{"href":"https:\/\/saosebastiao.tur.br\/web\/wp-json\/wp\/v2\/media?parent=385"}],"curies":[{"name":"wp","href":"https:\/\/api.w.org\/{rel}","templated":true}]}}