{"id":40,"date":"2024-08-06T09:00:16","date_gmt":"2024-08-06T12:00:16","guid":{"rendered":"https:\/\/saosebastiao.tur.br\/web\/?page_id=40"},"modified":"2024-08-09T14:19:19","modified_gmt":"2024-08-09T17:19:19","slug":"praia-de-pitangueiras-em-sao-sebastiao","status":"publish","type":"page","link":"https:\/\/saosebastiao.tur.br\/web\/praia-de-pitangueiras-em-sao-sebastiao\/","title":{"rendered":"Praia de Pitangueiras"},"content":{"rendered":"\n<p>A praia de Pitangueiras fica a apenas 4 km de dist\u00e2ncia do Centro de S\u00e3o Sebasti\u00e3o. \u00c9 uma praia pequena, muito tranquila e aconchegante,.<br>De \u00e1guas calmas e cristalinas \u00e9 ideal para vir com a fam\u00edlia, no entanto \u00e9 preciso tomar cuidado com as crian\u00e7as pois a praia \u00e9 de tombo.<br>Toda cercada pela Mata Atl\u00e2ntica esta praia \u00e9 curtinha com cerca de 300 metros de extens\u00e3o apenas, tendo uma faixa de areia pequena o que garante aproveitar a sombra das \u00e1rvores enquanto estiver curtindo a praia.<br>A praia de Pitangueiras n\u00e3o oferece infraestrutura para o turista de forma que \u00e9 muito interessante trazer cadeira de praia e um cooler com l\u00edquidos e lanches para passar o dia.<\/p>\n","protected":false},"excerpt":{"rendered":"<p>A praia de Pitangueiras fica a apenas 4 km de dist\u00e2ncia do Centro de S\u00e3o Sebasti\u00e3o. \u00c9 uma praia pequena, muito tranquila e aconchegante,.De \u00e1guas calmas e cristalinas \u00e9 ideal para vir com a fam\u00edlia, no entanto \u00e9 preciso tomar cuidado com as crian\u00e7as pois a praia \u00e9 de tombo.Toda cercada pela Mata Atl\u00e2ntica esta&#8230;<\/p>\n","protected":false},"author":1,"featured_media":0,"parent":0,"menu_order":0,"comment_status":"closed","ping_status":"closed","template":"","meta":{"_kadence_starter_templates_imported_post":false,"_kad_post_transparent":"","_kad_post_title":"","_kad_post_layout":"","_kad_post_sidebar_id":"","_kad_post_content_style":"","_kad_post_vertical_padding":"","_kad_post_feature":"","_kad_post_feature_position":"","_kad_post_header":false,"_kad_post_footer":false,"footnotes":""},"class_list":["post-40","page","type-page","status-publish","hentry"],"_links":{"self":[{"href":"https:\/\/saosebastiao.tur.br\/web\/wp-json\/wp\/v2\/pages\/40","targetHints":{"allow":["GET"]}}],"collection":[{"href":"https:\/\/saosebastiao.tur.br\/web\/wp-json\/wp\/v2\/pages"}],"about":[{"href":"https:\/\/saosebastiao.tur.br\/web\/wp-json\/wp\/v2\/types\/page"}],"author":[{"embeddable":true,"href":"https:\/\/saosebastiao.tur.br\/web\/wp-json\/wp\/v2\/users\/1"}],"replies":[{"embeddable":true,"href":"https:\/\/saosebastiao.tur.br\/web\/wp-json\/wp\/v2\/comments?post=40"}],"version-history":[{"count":8,"href":"https:\/\/saosebastiao.tur.br\/web\/wp-json\/wp\/v2\/pages\/40\/revisions"}],"predecessor-version":[{"id":71,"href":"https:\/\/saosebastiao.tur.br\/web\/wp-json\/wp\/v2\/pages\/40\/revisions\/71"}],"wp:attachment":[{"href":"https:\/\/saosebastiao.tur.br\/web\/wp-json\/wp\/v2\/media?parent=40"}],"curies":[{"name":"wp","href":"https:\/\/api.w.org\/{rel}","templated":true}]}}