{"id":43,"date":"2024-07-12T17:47:32","date_gmt":"2024-07-12T20:47:32","guid":{"rendered":"https:\/\/saosebastiao.tur.br\/web\/?page_id=43"},"modified":"2024-08-19T11:55:05","modified_gmt":"2024-08-19T14:55:05","slug":"praia-de-camburi-em-sao-sebastiao","status":"publish","type":"page","link":"https:\/\/saosebastiao.tur.br\/web\/praia-de-camburi-em-sao-sebastiao\/","title":{"rendered":"Praia de Camburi em S\u00e3o Sebasti\u00e3o"},"content":{"rendered":"\n<p>A Praia de Camburi fica a 39,5 km do centro de S\u00e3o Sebasti\u00e3o e faz divisa com a Praia de Camburizinho, sendo separadas apenas por um rio.<br>As duas praias tem areia branca e fofa, sendo que do lado de Camburi o mar costuma ser mais agitado.<br>A praia de Camburizinho tem muitos condom\u00ednios de alto padr\u00e3o que criam um ambiente tranquilo, enquanto que a praia de Camburi \u00e9 mais agitada por ser procurada por muitos surfistas e esportistas que vem curtir suas ondas agitadas.&nbsp;Camburi tamb\u00e9m \u00e9 apropriada para banho de mar, caminhadas e outros esportes. Aqui se encontra boa infraestrutura de apoio ao turista e de divers\u00e3o noturna, pois na regi\u00e3o existem muitos&nbsp;restaurantes, bares&nbsp;e baladas. Aqui voc\u00ea passa f\u00e9rias sem se preocupar pois a regi\u00e3o \u00e9 bem estruturada.<\/p>\n\n\n\n<p>Abaixo imagens da vista a\u00e9rea da pen\u00ednsula e 3 imagens de Camburizinho<\/p>\n\n\n\n<div class=\"wp-block-columns is-layout-flex wp-container-core-columns-is-layout-9d6595d7 wp-block-columns-is-layout-flex\">\n<div class=\"wp-block-column is-layout-flow wp-block-column-is-layout-flow\">\n<figure class=\"wp-block-image size-full\"><img loading=\"lazy\" decoding=\"async\" width=\"800\" height=\"533\" src=\"https:\/\/saosebastiao.tur.br\/web\/wp-content\/uploads\/praia-de-camburizinho-sao-sebastiao-1.jpg\" alt=\"\" class=\"wp-image-470\" srcset=\"https:\/\/saosebastiao.tur.br\/web\/wp-content\/uploads\/praia-de-camburizinho-sao-sebastiao-1.jpg 800w, https:\/\/saosebastiao.tur.br\/web\/wp-content\/uploads\/praia-de-camburizinho-sao-sebastiao-1-300x200.jpg 300w, https:\/\/saosebastiao.tur.br\/web\/wp-content\/uploads\/praia-de-camburizinho-sao-sebastiao-1-768x512.jpg 768w\" sizes=\"auto, (max-width: 800px) 100vw, 800px\" \/><\/figure>\n<\/div>\n\n\n\n<div class=\"wp-block-column is-layout-flow wp-block-column-is-layout-flow\">\n<figure class=\"wp-block-image size-full\"><img loading=\"lazy\" decoding=\"async\" width=\"800\" height=\"533\" src=\"https:\/\/saosebastiao.tur.br\/web\/wp-content\/uploads\/praia-de-camburizinho-sao-sebastiao-2.jpg\" alt=\"\" class=\"wp-image-471\" srcset=\"https:\/\/saosebastiao.tur.br\/web\/wp-content\/uploads\/praia-de-camburizinho-sao-sebastiao-2.jpg 800w, https:\/\/saosebastiao.tur.br\/web\/wp-content\/uploads\/praia-de-camburizinho-sao-sebastiao-2-300x200.jpg 300w, https:\/\/saosebastiao.tur.br\/web\/wp-content\/uploads\/praia-de-camburizinho-sao-sebastiao-2-768x512.jpg 768w\" sizes=\"auto, (max-width: 800px) 100vw, 800px\" \/><\/figure>\n<\/div>\n\n\n\n<div class=\"wp-block-column is-layout-flow wp-block-column-is-layout-flow\">\n<figure class=\"wp-block-image size-full\"><img loading=\"lazy\" decoding=\"async\" width=\"800\" height=\"533\" src=\"https:\/\/saosebastiao.tur.br\/web\/wp-content\/uploads\/praia-de-camburizinho-sao-sebastiao-3.jpg\" alt=\"\" class=\"wp-image-472\" srcset=\"https:\/\/saosebastiao.tur.br\/web\/wp-content\/uploads\/praia-de-camburizinho-sao-sebastiao-3.jpg 800w, https:\/\/saosebastiao.tur.br\/web\/wp-content\/uploads\/praia-de-camburizinho-sao-sebastiao-3-300x200.jpg 300w, https:\/\/saosebastiao.tur.br\/web\/wp-content\/uploads\/praia-de-camburizinho-sao-sebastiao-3-768x512.jpg 768w\" sizes=\"auto, (max-width: 800px) 100vw, 800px\" \/><\/figure>\n<\/div>\n\n\n\n<div class=\"wp-block-column is-layout-flow wp-block-column-is-layout-flow\">\n<figure class=\"wp-block-image size-full\"><img loading=\"lazy\" decoding=\"async\" width=\"800\" height=\"533\" src=\"https:\/\/saosebastiao.tur.br\/web\/wp-content\/uploads\/praia-de-camburizinho-sao-sebastiao-4.jpg\" alt=\"\" class=\"wp-image-473\" srcset=\"https:\/\/saosebastiao.tur.br\/web\/wp-content\/uploads\/praia-de-camburizinho-sao-sebastiao-4.jpg 800w, https:\/\/saosebastiao.tur.br\/web\/wp-content\/uploads\/praia-de-camburizinho-sao-sebastiao-4-300x200.jpg 300w, https:\/\/saosebastiao.tur.br\/web\/wp-content\/uploads\/praia-de-camburizinho-sao-sebastiao-4-768x512.jpg 768w\" sizes=\"auto, (max-width: 800px) 100vw, 800px\" \/><\/figure>\n<\/div>\n<\/div>\n\n\n\n<p>Imagem de praticante de v\u00f4o livre e 3 imagens da Praia de Camburi<\/p>\n\n\n\n<div class=\"wp-block-columns is-layout-flex wp-container-core-columns-is-layout-9d6595d7 wp-block-columns-is-layout-flex\">\n<div class=\"wp-block-column is-layout-flow wp-block-column-is-layout-flow\">\n<figure class=\"wp-block-image size-full\"><img loading=\"lazy\" decoding=\"async\" width=\"800\" height=\"533\" src=\"https:\/\/saosebastiao.tur.br\/web\/wp-content\/uploads\/praia-de-camburi-sao-sebastiao-1.jpg\" alt=\"\" class=\"wp-image-474\" srcset=\"https:\/\/saosebastiao.tur.br\/web\/wp-content\/uploads\/praia-de-camburi-sao-sebastiao-1.jpg 800w, https:\/\/saosebastiao.tur.br\/web\/wp-content\/uploads\/praia-de-camburi-sao-sebastiao-1-300x200.jpg 300w, https:\/\/saosebastiao.tur.br\/web\/wp-content\/uploads\/praia-de-camburi-sao-sebastiao-1-768x512.jpg 768w\" sizes=\"auto, (max-width: 800px) 100vw, 800px\" \/><\/figure>\n<\/div>\n\n\n\n<div class=\"wp-block-column is-layout-flow wp-block-column-is-layout-flow\">\n<figure class=\"wp-block-image size-full\"><img loading=\"lazy\" decoding=\"async\" width=\"800\" height=\"533\" src=\"https:\/\/saosebastiao.tur.br\/web\/wp-content\/uploads\/praia-de-camburi-sao-sebastiao-2.jpg\" alt=\"\" class=\"wp-image-475\" srcset=\"https:\/\/saosebastiao.tur.br\/web\/wp-content\/uploads\/praia-de-camburi-sao-sebastiao-2.jpg 800w, https:\/\/saosebastiao.tur.br\/web\/wp-content\/uploads\/praia-de-camburi-sao-sebastiao-2-300x200.jpg 300w, https:\/\/saosebastiao.tur.br\/web\/wp-content\/uploads\/praia-de-camburi-sao-sebastiao-2-768x512.jpg 768w\" sizes=\"auto, (max-width: 800px) 100vw, 800px\" \/><\/figure>\n<\/div>\n\n\n\n<div class=\"wp-block-column is-layout-flow wp-block-column-is-layout-flow\">\n<figure class=\"wp-block-image size-full\"><img loading=\"lazy\" decoding=\"async\" width=\"800\" height=\"533\" src=\"https:\/\/saosebastiao.tur.br\/web\/wp-content\/uploads\/praia-de-camburi-sao-sebastiao-3.jpg\" alt=\"\" class=\"wp-image-476\" srcset=\"https:\/\/saosebastiao.tur.br\/web\/wp-content\/uploads\/praia-de-camburi-sao-sebastiao-3.jpg 800w, https:\/\/saosebastiao.tur.br\/web\/wp-content\/uploads\/praia-de-camburi-sao-sebastiao-3-300x200.jpg 300w, https:\/\/saosebastiao.tur.br\/web\/wp-content\/uploads\/praia-de-camburi-sao-sebastiao-3-768x512.jpg 768w\" sizes=\"auto, (max-width: 800px) 100vw, 800px\" \/><\/figure>\n<\/div>\n\n\n\n<div class=\"wp-block-column is-layout-flow wp-block-column-is-layout-flow\">\n<figure class=\"wp-block-image size-full\"><img loading=\"lazy\" decoding=\"async\" width=\"800\" height=\"533\" src=\"https:\/\/saosebastiao.tur.br\/web\/wp-content\/uploads\/praia-de-camburi-sao-sebastiao-4.jpg\" alt=\"\" class=\"wp-image-477\" srcset=\"https:\/\/saosebastiao.tur.br\/web\/wp-content\/uploads\/praia-de-camburi-sao-sebastiao-4.jpg 800w, https:\/\/saosebastiao.tur.br\/web\/wp-content\/uploads\/praia-de-camburi-sao-sebastiao-4-300x200.jpg 300w, https:\/\/saosebastiao.tur.br\/web\/wp-content\/uploads\/praia-de-camburi-sao-sebastiao-4-768x512.jpg 768w\" sizes=\"auto, (max-width: 800px) 100vw, 800px\" \/><\/figure>\n<\/div>\n<\/div>\n","protected":false},"excerpt":{"rendered":"<p>A Praia de Camburi fica a 39,5 km do centro de S\u00e3o Sebasti\u00e3o e faz divisa com a Praia de Camburizinho, sendo separadas apenas por um rio.As duas praias tem areia branca e fofa, sendo que do lado de Camburi o mar costuma ser mais agitado.A praia de Camburizinho tem muitos condom\u00ednios de alto padr\u00e3o&#8230;<\/p>\n","protected":false},"author":1,"featured_media":0,"parent":0,"menu_order":0,"comment_status":"closed","ping_status":"closed","template":"","meta":{"_kadence_starter_templates_imported_post":false,"_kad_post_transparent":"","_kad_post_title":"","_kad_post_layout":"","_kad_post_sidebar_id":"","_kad_post_content_style":"","_kad_post_vertical_padding":"","_kad_post_feature":"","_kad_post_feature_position":"","_kad_post_header":false,"_kad_post_footer":false,"footnotes":""},"class_list":["post-43","page","type-page","status-publish","hentry"],"_links":{"self":[{"href":"https:\/\/saosebastiao.tur.br\/web\/wp-json\/wp\/v2\/pages\/43","targetHints":{"allow":["GET"]}}],"collection":[{"href":"https:\/\/saosebastiao.tur.br\/web\/wp-json\/wp\/v2\/pages"}],"about":[{"href":"https:\/\/saosebastiao.tur.br\/web\/wp-json\/wp\/v2\/types\/page"}],"author":[{"embeddable":true,"href":"https:\/\/saosebastiao.tur.br\/web\/wp-json\/wp\/v2\/users\/1"}],"replies":[{"embeddable":true,"href":"https:\/\/saosebastiao.tur.br\/web\/wp-json\/wp\/v2\/comments?post=43"}],"version-history":[{"count":6,"href":"https:\/\/saosebastiao.tur.br\/web\/wp-json\/wp\/v2\/pages\/43\/revisions"}],"predecessor-version":[{"id":478,"href":"https:\/\/saosebastiao.tur.br\/web\/wp-json\/wp\/v2\/pages\/43\/revisions\/478"}],"wp:attachment":[{"href":"https:\/\/saosebastiao.tur.br\/web\/wp-json\/wp\/v2\/media?parent=43"}],"curies":[{"name":"wp","href":"https:\/\/api.w.org\/{rel}","templated":true}]}}