{"id":52,"date":"2024-07-31T08:20:38","date_gmt":"2024-07-31T11:20:38","guid":{"rendered":"https:\/\/saosebastiao.tur.br\/web\/?page_id=52"},"modified":"2024-07-31T08:20:38","modified_gmt":"2024-07-31T11:20:38","slug":"praia-da-olaria-em-sao-sebastiao","status":"publish","type":"page","link":"https:\/\/saosebastiao.tur.br\/web\/praia-da-olaria-em-sao-sebastiao\/","title":{"rendered":"Praia da Olaria em S\u00e3o Sebasti\u00e3o"},"content":{"rendered":"\n<p>A Praia do Portal da Olaria \u00e9 o mais puro charme. Praia pequena, escondida e sempre vazia. Possui casas maravilhosas na orla e grandes marinas.<br>A praia de mar calmo e areias claras, n\u00e3o oferece estrutura para turistas, mas d\u00e1 acesso a outras praias pelas pedras, o que possibilita um passeio diferente e muito agrad\u00e1vel.<\/p>\n","protected":false},"excerpt":{"rendered":"<p>A Praia do Portal da Olaria \u00e9 o mais puro charme. Praia pequena, escondida e sempre vazia. Possui casas maravilhosas na orla e grandes marinas.A praia de mar calmo e areias claras, n\u00e3o oferece estrutura para turistas, mas d\u00e1 acesso a outras praias pelas pedras, o que possibilita um passeio diferente e muito agrad\u00e1vel.<\/p>\n","protected":false},"author":1,"featured_media":0,"parent":0,"menu_order":0,"comment_status":"closed","ping_status":"closed","template":"","meta":{"_kadence_starter_templates_imported_post":false,"_kad_post_transparent":"","_kad_post_title":"","_kad_post_layout":"","_kad_post_sidebar_id":"","_kad_post_content_style":"","_kad_post_vertical_padding":"","_kad_post_feature":"","_kad_post_feature_position":"","_kad_post_header":false,"_kad_post_footer":false,"footnotes":""},"class_list":["post-52","page","type-page","status-publish","hentry"],"_links":{"self":[{"href":"https:\/\/saosebastiao.tur.br\/web\/wp-json\/wp\/v2\/pages\/52","targetHints":{"allow":["GET"]}}],"collection":[{"href":"https:\/\/saosebastiao.tur.br\/web\/wp-json\/wp\/v2\/pages"}],"about":[{"href":"https:\/\/saosebastiao.tur.br\/web\/wp-json\/wp\/v2\/types\/page"}],"author":[{"embeddable":true,"href":"https:\/\/saosebastiao.tur.br\/web\/wp-json\/wp\/v2\/users\/1"}],"replies":[{"embeddable":true,"href":"https:\/\/saosebastiao.tur.br\/web\/wp-json\/wp\/v2\/comments?post=52"}],"version-history":[{"count":1,"href":"https:\/\/saosebastiao.tur.br\/web\/wp-json\/wp\/v2\/pages\/52\/revisions"}],"predecessor-version":[{"id":53,"href":"https:\/\/saosebastiao.tur.br\/web\/wp-json\/wp\/v2\/pages\/52\/revisions\/53"}],"wp:attachment":[{"href":"https:\/\/saosebastiao.tur.br\/web\/wp-json\/wp\/v2\/media?parent=52"}],"curies":[{"name":"wp","href":"https:\/\/api.w.org\/{rel}","templated":true}]}}