{"id":55,"date":"2024-08-01T08:12:04","date_gmt":"2024-08-01T11:12:04","guid":{"rendered":"https:\/\/saosebastiao.tur.br\/web\/?page_id=55"},"modified":"2024-08-08T09:42:16","modified_gmt":"2024-08-08T12:42:16","slug":"praia-do-porto-grande-em-sao-sebastiao","status":"publish","type":"page","link":"https:\/\/saosebastiao.tur.br\/web\/praia-do-porto-grande-em-sao-sebastiao\/","title":{"rendered":"Praia do Porto Grande em S\u00e3o Sebasti\u00e3o"},"content":{"rendered":"\n<p>Localizada a 1km do centro, a praia do Porto Grande \u00e9 impr\u00f3pria para banho, por\u00e9m, boa para uma caminhada tranquila. Fica pr\u00f3xima ao terminal petrol\u00edfero, conhecido como Tebar. Como esta praia n\u00e3o \u00e9 frequentada por banhistas o local \u00e9 sempre tranquilo.<\/p>\n","protected":false},"excerpt":{"rendered":"<p>Localizada a 1km do centro, a praia do Porto Grande \u00e9 impr\u00f3pria para banho, por\u00e9m, boa para uma caminhada tranquila. Fica pr\u00f3xima ao terminal petrol\u00edfero, conhecido como Tebar. Como esta praia n\u00e3o \u00e9 frequentada por banhistas o local \u00e9 sempre tranquilo.<\/p>\n","protected":false},"author":1,"featured_media":0,"parent":0,"menu_order":0,"comment_status":"closed","ping_status":"closed","template":"","meta":{"_kadence_starter_templates_imported_post":false,"_kad_post_transparent":"","_kad_post_title":"","_kad_post_layout":"","_kad_post_sidebar_id":"","_kad_post_content_style":"","_kad_post_vertical_padding":"","_kad_post_feature":"","_kad_post_feature_position":"","_kad_post_header":false,"_kad_post_footer":false,"footnotes":""},"class_list":["post-55","page","type-page","status-publish","hentry"],"_links":{"self":[{"href":"https:\/\/saosebastiao.tur.br\/web\/wp-json\/wp\/v2\/pages\/55","targetHints":{"allow":["GET"]}}],"collection":[{"href":"https:\/\/saosebastiao.tur.br\/web\/wp-json\/wp\/v2\/pages"}],"about":[{"href":"https:\/\/saosebastiao.tur.br\/web\/wp-json\/wp\/v2\/types\/page"}],"author":[{"embeddable":true,"href":"https:\/\/saosebastiao.tur.br\/web\/wp-json\/wp\/v2\/users\/1"}],"replies":[{"embeddable":true,"href":"https:\/\/saosebastiao.tur.br\/web\/wp-json\/wp\/v2\/comments?post=55"}],"version-history":[{"count":3,"href":"https:\/\/saosebastiao.tur.br\/web\/wp-json\/wp\/v2\/pages\/55\/revisions"}],"predecessor-version":[{"id":161,"href":"https:\/\/saosebastiao.tur.br\/web\/wp-json\/wp\/v2\/pages\/55\/revisions\/161"}],"wp:attachment":[{"href":"https:\/\/saosebastiao.tur.br\/web\/wp-json\/wp\/v2\/media?parent=55"}],"curies":[{"name":"wp","href":"https:\/\/api.w.org\/{rel}","templated":true}]}}