{"id":76,"date":"2024-08-06T09:35:23","date_gmt":"2024-08-06T12:35:23","guid":{"rendered":"https:\/\/saosebastiao.tur.br\/web\/?page_id=76"},"modified":"2024-08-07T08:04:20","modified_gmt":"2024-08-07T11:04:20","slug":"praia-brava-do-guaeca","status":"publish","type":"page","link":"https:\/\/saosebastiao.tur.br\/web\/praia-brava-do-guaeca\/","title":{"rendered":"Praia Brava do Guaec\u00e1"},"content":{"rendered":"\n<p>A praia brava do Guaec\u00e1 tem acesso pelo canto direito da Praia do Guaec\u00e1, por trilha ou seguindo pelas pedras. \u00c9 uma praia deserta de uns 200 metros de extens\u00e3o e fica entre a praia do Guaec\u00e1 e a praia de Toque Toque Grande.<br>De \u00e1guas claras, areias brancas e mar agitado, praia \u00e9 \u00f3tima para quem gosta de sossego e contato com a natureza. Esta praia \u00e9 cercada pela mata Atl\u00e2ntica e tamb\u00e9m \u00e9 \u00f3tima para mergulho.<\/p>\n","protected":false},"excerpt":{"rendered":"<p>A praia brava do Guaec\u00e1 tem acesso pelo canto direito da Praia do Guaec\u00e1, por trilha ou seguindo pelas pedras. \u00c9 uma praia deserta de uns 200 metros de extens\u00e3o e fica entre a praia do Guaec\u00e1 e a praia de Toque Toque Grande.De \u00e1guas claras, areias brancas e mar agitado, praia \u00e9 \u00f3tima para&#8230;<\/p>\n","protected":false},"author":1,"featured_media":0,"parent":0,"menu_order":0,"comment_status":"closed","ping_status":"closed","template":"","meta":{"_kadence_starter_templates_imported_post":false,"_kad_post_transparent":"","_kad_post_title":"","_kad_post_layout":"","_kad_post_sidebar_id":"","_kad_post_content_style":"","_kad_post_vertical_padding":"","_kad_post_feature":"","_kad_post_feature_position":"","_kad_post_header":false,"_kad_post_footer":false,"footnotes":""},"class_list":["post-76","page","type-page","status-publish","hentry"],"_links":{"self":[{"href":"https:\/\/saosebastiao.tur.br\/web\/wp-json\/wp\/v2\/pages\/76","targetHints":{"allow":["GET"]}}],"collection":[{"href":"https:\/\/saosebastiao.tur.br\/web\/wp-json\/wp\/v2\/pages"}],"about":[{"href":"https:\/\/saosebastiao.tur.br\/web\/wp-json\/wp\/v2\/types\/page"}],"author":[{"embeddable":true,"href":"https:\/\/saosebastiao.tur.br\/web\/wp-json\/wp\/v2\/users\/1"}],"replies":[{"embeddable":true,"href":"https:\/\/saosebastiao.tur.br\/web\/wp-json\/wp\/v2\/comments?post=76"}],"version-history":[{"count":2,"href":"https:\/\/saosebastiao.tur.br\/web\/wp-json\/wp\/v2\/pages\/76\/revisions"}],"predecessor-version":[{"id":114,"href":"https:\/\/saosebastiao.tur.br\/web\/wp-json\/wp\/v2\/pages\/76\/revisions\/114"}],"wp:attachment":[{"href":"https:\/\/saosebastiao.tur.br\/web\/wp-json\/wp\/v2\/media?parent=76"}],"curies":[{"name":"wp","href":"https:\/\/api.w.org\/{rel}","templated":true}]}}