{"id":78,"date":"2024-08-06T10:26:54","date_gmt":"2024-08-06T13:26:54","guid":{"rendered":"https:\/\/saosebastiao.tur.br\/web\/?page_id=78"},"modified":"2024-08-19T13:40:09","modified_gmt":"2024-08-19T16:40:09","slug":"praia-de-toque-toque-grande-em-sao-sebastiao","status":"publish","type":"page","link":"https:\/\/saosebastiao.tur.br\/web\/praia-de-toque-toque-grande-em-sao-sebastiao\/","title":{"rendered":"Praia de Toque Toque Grande em S\u00e3o Sebasti\u00e3o"},"content":{"rendered":"\n<p>A praia de Toque Toque Grande fica a 13 km do Centro de S\u00e3o Sebasti\u00e3o, no km 141 da estrada Rio-Santos. A entrada para a praia fica em frente \u00e0 grande cachoeira na beira da estrada. \u00c9 uma simp\u00e1tica vila de pescadores que ainda preserva a pesca artesanal. Praia maravilhosa, parece uma piscina, com \u00e1gua limp\u00edssima e calma, \u00f3tima para quem aprecia sossego e tranquilidade.  Se voc\u00ea gosta de mergulho ou de pesca esportiva tamb\u00e9m \u00e9 uma boa pedida. A praia n\u00e3o oferece infraestrutura para turistas.<\/p>\n\n\n\n<div class=\"wp-block-columns is-layout-flex wp-container-core-columns-is-layout-9d6595d7 wp-block-columns-is-layout-flex\">\n<div class=\"wp-block-column is-layout-flow wp-block-column-is-layout-flow\">\n<figure class=\"wp-block-image size-full\"><img loading=\"lazy\" decoding=\"async\" width=\"800\" height=\"533\" src=\"https:\/\/saosebastiao.tur.br\/web\/wp-content\/uploads\/praia-toque-toque-grande-sao-sebastiao-1.jpg\" alt=\"\" class=\"wp-image-483\" srcset=\"https:\/\/saosebastiao.tur.br\/web\/wp-content\/uploads\/praia-toque-toque-grande-sao-sebastiao-1.jpg 800w, https:\/\/saosebastiao.tur.br\/web\/wp-content\/uploads\/praia-toque-toque-grande-sao-sebastiao-1-300x200.jpg 300w, https:\/\/saosebastiao.tur.br\/web\/wp-content\/uploads\/praia-toque-toque-grande-sao-sebastiao-1-768x512.jpg 768w\" sizes=\"auto, (max-width: 800px) 100vw, 800px\" \/><\/figure>\n<\/div>\n\n\n\n<div class=\"wp-block-column is-layout-flow wp-block-column-is-layout-flow\">\n<figure class=\"wp-block-image size-full\"><img loading=\"lazy\" decoding=\"async\" width=\"800\" height=\"533\" src=\"https:\/\/saosebastiao.tur.br\/web\/wp-content\/uploads\/praia-toque-toque-grande-sao-sebastiao-2.jpg\" alt=\"\" class=\"wp-image-484\" srcset=\"https:\/\/saosebastiao.tur.br\/web\/wp-content\/uploads\/praia-toque-toque-grande-sao-sebastiao-2.jpg 800w, https:\/\/saosebastiao.tur.br\/web\/wp-content\/uploads\/praia-toque-toque-grande-sao-sebastiao-2-300x200.jpg 300w, https:\/\/saosebastiao.tur.br\/web\/wp-content\/uploads\/praia-toque-toque-grande-sao-sebastiao-2-768x512.jpg 768w\" sizes=\"auto, (max-width: 800px) 100vw, 800px\" \/><\/figure>\n<\/div>\n\n\n\n<div class=\"wp-block-column is-layout-flow wp-block-column-is-layout-flow\">\n<figure class=\"wp-block-image size-full\"><img loading=\"lazy\" decoding=\"async\" width=\"800\" height=\"533\" src=\"https:\/\/saosebastiao.tur.br\/web\/wp-content\/uploads\/praia-toque-toque-grande-sao-sebastiao-3.jpg\" alt=\"\" class=\"wp-image-485\" srcset=\"https:\/\/saosebastiao.tur.br\/web\/wp-content\/uploads\/praia-toque-toque-grande-sao-sebastiao-3.jpg 800w, https:\/\/saosebastiao.tur.br\/web\/wp-content\/uploads\/praia-toque-toque-grande-sao-sebastiao-3-300x200.jpg 300w, https:\/\/saosebastiao.tur.br\/web\/wp-content\/uploads\/praia-toque-toque-grande-sao-sebastiao-3-768x512.jpg 768w\" sizes=\"auto, (max-width: 800px) 100vw, 800px\" \/><\/figure>\n<\/div>\n\n\n\n<div class=\"wp-block-column is-layout-flow wp-block-column-is-layout-flow\">\n<figure class=\"wp-block-image size-full\"><img loading=\"lazy\" decoding=\"async\" width=\"800\" height=\"533\" src=\"https:\/\/saosebastiao.tur.br\/web\/wp-content\/uploads\/praia-toque-toque-grande-sao-sebastiao-4.jpg\" alt=\"\" class=\"wp-image-486\" srcset=\"https:\/\/saosebastiao.tur.br\/web\/wp-content\/uploads\/praia-toque-toque-grande-sao-sebastiao-4.jpg 800w, https:\/\/saosebastiao.tur.br\/web\/wp-content\/uploads\/praia-toque-toque-grande-sao-sebastiao-4-300x200.jpg 300w, https:\/\/saosebastiao.tur.br\/web\/wp-content\/uploads\/praia-toque-toque-grande-sao-sebastiao-4-768x512.jpg 768w\" sizes=\"auto, (max-width: 800px) 100vw, 800px\" \/><\/figure>\n<\/div>\n<\/div>\n\n\n\n<div class=\"wp-block-columns is-layout-flex wp-container-core-columns-is-layout-9d6595d7 wp-block-columns-is-layout-flex\">\n<div class=\"wp-block-column is-layout-flow wp-block-column-is-layout-flow\">\n<figure class=\"wp-block-image size-full\"><img loading=\"lazy\" decoding=\"async\" width=\"800\" height=\"533\" src=\"https:\/\/saosebastiao.tur.br\/web\/wp-content\/uploads\/praia-toque-toque-grande-sao-sebastiao-5.jpg\" alt=\"\" class=\"wp-image-487\" srcset=\"https:\/\/saosebastiao.tur.br\/web\/wp-content\/uploads\/praia-toque-toque-grande-sao-sebastiao-5.jpg 800w, https:\/\/saosebastiao.tur.br\/web\/wp-content\/uploads\/praia-toque-toque-grande-sao-sebastiao-5-300x200.jpg 300w, https:\/\/saosebastiao.tur.br\/web\/wp-content\/uploads\/praia-toque-toque-grande-sao-sebastiao-5-768x512.jpg 768w\" sizes=\"auto, (max-width: 800px) 100vw, 800px\" \/><\/figure>\n<\/div>\n\n\n\n<div class=\"wp-block-column is-layout-flow wp-block-column-is-layout-flow\">\n<figure class=\"wp-block-image size-full\"><img loading=\"lazy\" decoding=\"async\" width=\"800\" height=\"533\" src=\"https:\/\/saosebastiao.tur.br\/web\/wp-content\/uploads\/praia-toque-toque-grande-sao-sebastiao-6.jpg\" alt=\"\" class=\"wp-image-488\" srcset=\"https:\/\/saosebastiao.tur.br\/web\/wp-content\/uploads\/praia-toque-toque-grande-sao-sebastiao-6.jpg 800w, https:\/\/saosebastiao.tur.br\/web\/wp-content\/uploads\/praia-toque-toque-grande-sao-sebastiao-6-300x200.jpg 300w, https:\/\/saosebastiao.tur.br\/web\/wp-content\/uploads\/praia-toque-toque-grande-sao-sebastiao-6-768x512.jpg 768w\" sizes=\"auto, (max-width: 800px) 100vw, 800px\" \/><\/figure>\n<\/div>\n\n\n\n<div class=\"wp-block-column is-layout-flow wp-block-column-is-layout-flow\"><\/div>\n\n\n\n<div class=\"wp-block-column is-layout-flow wp-block-column-is-layout-flow\"><\/div>\n<\/div>\n","protected":false},"excerpt":{"rendered":"<p>A praia de Toque Toque Grande fica a 13 km do Centro de S\u00e3o Sebasti\u00e3o, no km 141 da estrada Rio-Santos. A entrada para a praia fica em frente \u00e0 grande cachoeira na beira da estrada. \u00c9 uma simp\u00e1tica vila de pescadores que ainda preserva a pesca artesanal. Praia maravilhosa, parece uma piscina, com \u00e1gua&#8230;<\/p>\n","protected":false},"author":1,"featured_media":0,"parent":0,"menu_order":0,"comment_status":"closed","ping_status":"closed","template":"","meta":{"_kadence_starter_templates_imported_post":false,"_kad_post_transparent":"","_kad_post_title":"","_kad_post_layout":"","_kad_post_sidebar_id":"","_kad_post_content_style":"","_kad_post_vertical_padding":"","_kad_post_feature":"","_kad_post_feature_position":"","_kad_post_header":false,"_kad_post_footer":false,"footnotes":""},"class_list":["post-78","page","type-page","status-publish","hentry"],"_links":{"self":[{"href":"https:\/\/saosebastiao.tur.br\/web\/wp-json\/wp\/v2\/pages\/78","targetHints":{"allow":["GET"]}}],"collection":[{"href":"https:\/\/saosebastiao.tur.br\/web\/wp-json\/wp\/v2\/pages"}],"about":[{"href":"https:\/\/saosebastiao.tur.br\/web\/wp-json\/wp\/v2\/types\/page"}],"author":[{"embeddable":true,"href":"https:\/\/saosebastiao.tur.br\/web\/wp-json\/wp\/v2\/users\/1"}],"replies":[{"embeddable":true,"href":"https:\/\/saosebastiao.tur.br\/web\/wp-json\/wp\/v2\/comments?post=78"}],"version-history":[{"count":3,"href":"https:\/\/saosebastiao.tur.br\/web\/wp-json\/wp\/v2\/pages\/78\/revisions"}],"predecessor-version":[{"id":489,"href":"https:\/\/saosebastiao.tur.br\/web\/wp-json\/wp\/v2\/pages\/78\/revisions\/489"}],"wp:attachment":[{"href":"https:\/\/saosebastiao.tur.br\/web\/wp-json\/wp\/v2\/media?parent=78"}],"curies":[{"name":"wp","href":"https:\/\/api.w.org\/{rel}","templated":true}]}}