{"id":8,"date":"2024-07-12T10:49:26","date_gmt":"2024-07-12T13:49:26","guid":{"rendered":"https:\/\/saosebastiao.tur.br\/web\/?page_id=8"},"modified":"2024-08-14T07:21:58","modified_gmt":"2024-08-14T10:21:58","slug":"sao-sebastiao-lazer-o-ano-inteiro","status":"publish","type":"page","link":"https:\/\/saosebastiao.tur.br\/web\/","title":{"rendered":"S\u00e3o Sebasti\u00e3o, lazer o ano inteiro!"},"content":{"rendered":"\n<p>S\u00e3o Sebasti\u00e3o tem por volta de 100 km. de extens\u00e3o, onde se nota claramente a preserva\u00e7\u00e3o da mata atl\u00e2ntica, desta forma, oferecendo uma grande interatividade com sua fauna e flora. \u00c9 interessante observar que, diferente das praias do litoral sul, que s\u00e3o sempre extensas e com muitas ondas, as praias de S\u00e3o Sebasti\u00e3o reservam sempre uma surpresa, pois, s\u00e3o em sua maioria praias curtas e cada uma tem seu estilo pr\u00f3prio, sendo algumas com areia escura, enquanto outras tem areias claras e mar tranquilo, ao passo que outras oferecem ondas maiores para os adeptos de surf.<br>Com 30 mil hectares de Mata Atl\u00e2ntica, podemos imaginar quantas atra\u00e7\u00f5es interessantes para se curtir, al\u00e9m de suas maravilhosas praias. Muitas cachoeiras e trilhas para se explorar, passeios de barco e canoagem, conhecer as ilhas pr\u00f3ximas, mergulhos em \u00e1guas cristalinas, praticar surf, kite surf, stand up e muito mais.<br>S\u00e3o Sebasti\u00e3o \u00e9 a cidade mais antiga do litoral norte e por este motivo tem muita hist\u00f3ria para contar. Antes da coloniza\u00e7\u00e3o portuguesa esta regi\u00e3o era ocupada pelos \u00edndios Tupinamb\u00e1s e Tupiniquins, senda a serra de Boi\u00e7ucanga uma divisa natural das terras das tribos.<\/p>\n\n\n\n<h2 class=\"wp-block-heading\">Pousadas e Hot\u00e9is em Destaque<\/h2>\n\n\n\n<div class=\"wp-block-columns is-layout-flex wp-container-core-columns-is-layout-9d6595d7 wp-block-columns-is-layout-flex\">\n<div class=\"wp-block-column is-layout-flow wp-block-column-is-layout-flow\">\n<figure class=\"wp-block-image size-full\"><img loading=\"lazy\" decoding=\"async\" width=\"500\" height=\"300\" src=\"https:\/\/saosebastiao.tur.br\/web\/wp-content\/uploads\/pousada-do-almirante-em-sao-sebastiao.jpg\" alt=\"Vista da piscina e do servi\u00e7o de bar\" class=\"wp-image-214\" srcset=\"https:\/\/saosebastiao.tur.br\/web\/wp-content\/uploads\/pousada-do-almirante-em-sao-sebastiao.jpg 500w, https:\/\/saosebastiao.tur.br\/web\/wp-content\/uploads\/pousada-do-almirante-em-sao-sebastiao-300x180.jpg 300w\" sizes=\"auto, (max-width: 500px) 100vw, 500px\" \/><\/figure>\n\n\n\n<p class=\"has-text-align-center\"><strong>Pousada do Almirante<\/strong><br>A apenas 150m. da praia!<br>O prazer em estar de bem com a vida num lugar apaixonante&#8230;<\/p>\n\n\n\n<div class=\"wp-block-buttons is-content-justification-center is-layout-flex wp-container-core-buttons-is-layout-16018d1d wp-block-buttons-is-layout-flex\">\n<div class=\"wp-block-button\"><a class=\"wp-block-button__link wp-element-button\" href=\"\/web\/pousada-do-almirante-juquehy\">Leia mais&#8230;<\/a><\/div>\n<\/div>\n<\/div>\n\n\n\n<div class=\"wp-block-column is-layout-flow wp-block-column-is-layout-flow\">\n<figure class=\"wp-block-image size-full\"><img loading=\"lazy\" decoding=\"async\" width=\"500\" height=\"300\" src=\"https:\/\/saosebastiao.tur.br\/web\/wp-content\/uploads\/coconuts-hotel-em-sao-sebastiao.jpg\" alt=\"Coconuts Praia Hotel em S\u00e3o Sebasti\u00e3o\" class=\"wp-image-222\" srcset=\"https:\/\/saosebastiao.tur.br\/web\/wp-content\/uploads\/coconuts-hotel-em-sao-sebastiao.jpg 500w, https:\/\/saosebastiao.tur.br\/web\/wp-content\/uploads\/coconuts-hotel-em-sao-sebastiao-300x180.jpg 300w\" sizes=\"auto, (max-width: 500px) 100vw, 500px\" \/><\/figure>\n\n\n\n<p class=\"has-text-align-center\"><strong>Coconuts Praia Hotel<\/strong><br>P\u00e9 na areia em Maresias!<br>Um mar calmo e azul, areia branquinha, p\u00e9s descal\u00e7os&#8230;<\/p>\n\n\n\n<div class=\"wp-block-buttons is-content-justification-center is-layout-flex wp-container-core-buttons-is-layout-16018d1d wp-block-buttons-is-layout-flex\">\n<div class=\"wp-block-button\"><a class=\"wp-block-button__link wp-element-button\" href=\"https:\/\/saosebastiao.tur.br\/web\/coconuts-praia-hotel-em-maresias\/\">Leia Mais<\/a><\/div>\n<\/div>\n<\/div>\n\n\n\n<div class=\"wp-block-column is-layout-flow wp-block-column-is-layout-flow\"><\/div>\n\n\n\n<div class=\"wp-block-column is-layout-flow wp-block-column-is-layout-flow\"><\/div>\n<\/div>\n\n\n\n<h2 class=\"wp-block-heading\">Praias, passeios, trilhas, turismo&#8230;<\/h2>\n\n\n\n<div class=\"wp-block-columns is-layout-flex wp-container-core-columns-is-layout-9d6595d7 wp-block-columns-is-layout-flex\">\n<div class=\"wp-block-column is-layout-flow wp-block-column-is-layout-flow\">\n<figure class=\"wp-block-image size-full\"><img loading=\"lazy\" decoding=\"async\" width=\"500\" height=\"300\" src=\"https:\/\/saosebastiao.tur.br\/web\/wp-content\/uploads\/toque-toque-grande-2.jpg\" alt=\"\" class=\"wp-image-191\" srcset=\"https:\/\/saosebastiao.tur.br\/web\/wp-content\/uploads\/toque-toque-grande-2.jpg 500w, https:\/\/saosebastiao.tur.br\/web\/wp-content\/uploads\/toque-toque-grande-2-300x180.jpg 300w\" sizes=\"auto, (max-width: 500px) 100vw, 500px\" \/><figcaption class=\"wp-element-caption\"><strong>Praias<\/strong><br>Escolha a sua!<br>S\u00e3o Sebasti\u00e3o oferece mais de 100km. de costa com praias lind\u00edssimas !<\/figcaption><\/figure>\n\n\n\n<div class=\"wp-block-buttons is-content-justification-center is-layout-flex wp-container-core-buttons-is-layout-16018d1d wp-block-buttons-is-layout-flex\">\n<div class=\"wp-block-button\"><a class=\"wp-block-button__link has-text-align-center wp-element-button\" href=\"https:\/\/saosebastiao.tur.br\/web\/praias-de-sao-sebastiao\/\">Leia mais&#8230;<\/a><\/div>\n<\/div>\n<\/div>\n\n\n\n<div class=\"wp-block-column is-layout-flow wp-block-column-is-layout-flow\">\n<figure class=\"wp-block-image size-full\"><img loading=\"lazy\" decoding=\"async\" width=\"500\" height=\"300\" src=\"https:\/\/saosebastiao.tur.br\/web\/wp-content\/uploads\/vela-1.jpg\" alt=\"\" class=\"wp-image-193\" srcset=\"https:\/\/saosebastiao.tur.br\/web\/wp-content\/uploads\/vela-1.jpg 500w, https:\/\/saosebastiao.tur.br\/web\/wp-content\/uploads\/vela-1-300x180.jpg 300w\" sizes=\"auto, (max-width: 500px) 100vw, 500px\" \/><figcaption class=\"wp-element-caption\"><strong>Passeios<\/strong><br>N\u00e3o fique parado !<br>Voc\u00ea pode optar por&nbsp;<a href=\"trilhas.html\">trilhas<\/a>, <a href=\"ciclismo.html\">bike<\/a>,<br><a href=\"surf.html\">surf<\/a>,&nbsp;<a href=\"vela.html\">vela<\/a>, ou simplesmente ir \u00e0&nbsp;<a href=\"praias.html\">praia<\/a>.<\/figcaption><\/figure>\n\n\n\n<div class=\"wp-block-buttons is-content-justification-center is-layout-flex wp-container-core-buttons-is-layout-16018d1d wp-block-buttons-is-layout-flex\">\n<div class=\"wp-block-button\"><a class=\"wp-block-button__link wp-element-button\" href=\"https:\/\/saosebastiao.tur.br\/web\/passeios-em-sao-sebastiao\/\">Leia mais&#8230;<\/a><\/div>\n<\/div>\n<\/div>\n\n\n\n<div class=\"wp-block-column is-layout-flow wp-block-column-is-layout-flow\">\n<figure class=\"wp-block-image size-full\"><img loading=\"lazy\" decoding=\"async\" width=\"500\" height=\"300\" src=\"https:\/\/saosebastiao.tur.br\/web\/wp-content\/uploads\/camarao.jpg\" alt=\"\" class=\"wp-image-194\" srcset=\"https:\/\/saosebastiao.tur.br\/web\/wp-content\/uploads\/camarao.jpg 500w, https:\/\/saosebastiao.tur.br\/web\/wp-content\/uploads\/camarao-300x180.jpg 300w\" sizes=\"auto, (max-width: 500px) 100vw, 500px\" \/><figcaption class=\"wp-element-caption\"><strong>Gastronomia<\/strong><br>Onde comer bem!<br>Encontre uma culin\u00e1ria rica e criativa com op\u00e7\u00f5es para todos os gostos e bolsos.<\/figcaption><\/figure>\n\n\n\n<div class=\"wp-block-buttons is-content-justification-center is-layout-flex wp-container-core-buttons-is-layout-16018d1d wp-block-buttons-is-layout-flex\">\n<div class=\"wp-block-button\"><a class=\"wp-block-button__link wp-element-button\" href=\"https:\/\/saosebastiao.tur.br\/web\/restaurantes-em-sao-sebastiao\/\">Leia mais&#8230;<\/a><\/div>\n<\/div>\n<\/div>\n\n\n\n<div class=\"wp-block-column is-layout-flow wp-block-column-is-layout-flow\">\n<figure class=\"wp-block-image size-full\"><img loading=\"lazy\" decoding=\"async\" width=\"500\" height=\"300\" src=\"https:\/\/saosebastiao.tur.br\/web\/wp-content\/uploads\/surf-500x300-1.jpg\" alt=\"\" class=\"wp-image-196\" srcset=\"https:\/\/saosebastiao.tur.br\/web\/wp-content\/uploads\/surf-500x300-1.jpg 500w, https:\/\/saosebastiao.tur.br\/web\/wp-content\/uploads\/surf-500x300-1-300x180.jpg 300w\" sizes=\"auto, (max-width: 500px) 100vw, 500px\" \/><figcaption class=\"wp-element-caption\"><strong>Surf<\/strong><br>O sol, o mar e muita onda!<br>S\u00e3o v\u00e1rias praias que oferecem esta op\u00e7\u00e3o de esporte radical.<\/figcaption><\/figure>\n\n\n\n<div class=\"wp-block-buttons is-content-justification-center is-layout-flex wp-container-core-buttons-is-layout-16018d1d wp-block-buttons-is-layout-flex\">\n<div class=\"wp-block-button\"><a class=\"wp-block-button__link wp-element-button\" href=\"https:\/\/saosebastiao.tur.br\/web\/surf-em-sao-sebastiao\/\">Leia mais&#8230;<\/a><\/div>\n<\/div>\n<\/div>\n<\/div>\n\n\n\n<div class=\"wp-block-columns is-layout-flex wp-container-core-columns-is-layout-9d6595d7 wp-block-columns-is-layout-flex\">\n<div class=\"wp-block-column is-layout-flow wp-block-column-is-layout-flow\">\n<figure class=\"wp-block-image size-full\"><img loading=\"lazy\" decoding=\"async\" width=\"500\" height=\"301\" src=\"https:\/\/saosebastiao.tur.br\/web\/wp-content\/uploads\/mapa-pq.jpg\" alt=\"\" class=\"wp-image-322\" srcset=\"https:\/\/saosebastiao.tur.br\/web\/wp-content\/uploads\/mapa-pq.jpg 500w, https:\/\/saosebastiao.tur.br\/web\/wp-content\/uploads\/mapa-pq-300x181.jpg 300w\" sizes=\"auto, (max-width: 500px) 100vw, 500px\" \/><\/figure>\n\n\n\n<p class=\"has-text-align-center\"><strong>Hist\u00f3ria<\/strong> <strong>da cidade<\/strong><br>&#8230;no centro hist\u00f3rico de S\u00e3o Sebasti\u00e3o, em torno da Igreja Matriz&#8230;<\/p>\n\n\n\n<div class=\"wp-block-buttons is-content-justification-center is-layout-flex wp-container-core-buttons-is-layout-16018d1d wp-block-buttons-is-layout-flex\">\n<div class=\"wp-block-button\"><a class=\"wp-block-button__link wp-element-button\" href=\"https:\/\/saosebastiao.tur.br\/web\/historia-da-cidade-de-sao-sebastiao-sp\/\">Leia mais&#8230;<\/a><\/div>\n<\/div>\n<\/div>\n\n\n\n<div class=\"wp-block-column is-layout-flow wp-block-column-is-layout-flow\">\n<figure class=\"wp-block-image size-full\"><img loading=\"lazy\" decoding=\"async\" width=\"500\" height=\"301\" src=\"https:\/\/saosebastiao.tur.br\/web\/wp-content\/uploads\/santo-pq.jpg\" alt=\"\" class=\"wp-image-321\" srcset=\"https:\/\/saosebastiao.tur.br\/web\/wp-content\/uploads\/santo-pq.jpg 500w, https:\/\/saosebastiao.tur.br\/web\/wp-content\/uploads\/santo-pq-300x181.jpg 300w\" sizes=\"auto, (max-width: 500px) 100vw, 500px\" \/><\/figure>\n\n\n\n<p class=\"has-text-align-center\"><strong>O Santo S\u00e3o Sebasti\u00e3o.<\/strong><br>&#8230;Sebasti\u00e3o era um soldado que teria se alistado no ex\u00e9rcito romano &#8230;<\/p>\n\n\n\n<div class=\"wp-block-buttons is-content-justification-center is-layout-flex wp-container-core-buttons-is-layout-16018d1d wp-block-buttons-is-layout-flex\">\n<div class=\"wp-block-button\"><a class=\"wp-block-button__link wp-element-button\" href=\"https:\/\/saosebastiao.tur.br\/web\/historia-do-santo-sao-sebastiao\">Leia mais&#8230;<\/a><\/div>\n<\/div>\n\n\n\n<p><a href=\"informacoes.html\"><\/a><\/p>\n<\/div>\n\n\n\n<div class=\"wp-block-column is-layout-flow wp-block-column-is-layout-flow\">\n<figure class=\"wp-block-image size-full\"><img loading=\"lazy\" decoding=\"async\" width=\"500\" height=\"301\" src=\"https:\/\/saosebastiao.tur.br\/web\/wp-content\/uploads\/tempo.jpg\" alt=\"\" class=\"wp-image-320\" srcset=\"https:\/\/saosebastiao.tur.br\/web\/wp-content\/uploads\/tempo.jpg 500w, https:\/\/saosebastiao.tur.br\/web\/wp-content\/uploads\/tempo-300x181.jpg 300w\" sizes=\"auto, (max-width: 500px) 100vw, 500px\" \/><\/figure>\n\n\n\n<p class=\"has-text-align-center\"><strong>Links \u00dateis<\/strong><br>Condi\u00e7\u00e3o nas praias, previs\u00e3o de tempo, \u00f4nibus, prefeitura e muito mais.<\/p>\n\n\n\n<div class=\"wp-block-buttons is-content-justification-center is-layout-flex wp-container-core-buttons-is-layout-16018d1d wp-block-buttons-is-layout-flex\">\n<div class=\"wp-block-button\"><a class=\"wp-block-button__link wp-element-button\" href=\"https:\/\/saosebastiao.tur.br\/web\/informacoes-uteis-em-sao-sebastiao\/\">Leia mais&#8230;<\/a><\/div>\n<\/div>\n<\/div>\n\n\n\n<div class=\"wp-block-column is-layout-flow wp-block-column-is-layout-flow\">\n<figure class=\"wp-block-image size-full\"><img loading=\"lazy\" decoding=\"async\" width=\"500\" height=\"301\" src=\"https:\/\/saosebastiao.tur.br\/web\/wp-content\/uploads\/mapa-home.jpg\" alt=\"\" class=\"wp-image-319\" srcset=\"https:\/\/saosebastiao.tur.br\/web\/wp-content\/uploads\/mapa-home.jpg 500w, https:\/\/saosebastiao.tur.br\/web\/wp-content\/uploads\/mapa-home-300x181.jpg 300w\" sizes=\"auto, (max-width: 500px) 100vw, 500px\" \/><\/figure>\n\n\n\n<p class=\"has-text-align-center\"><strong>Mapa<\/strong><br>Veja como \u00e9 f\u00e1cil chegar<br>em S\u00e3o Sebasti\u00e3o usando o Google Maps<\/p>\n\n\n\n<div class=\"wp-block-buttons is-content-justification-center is-layout-flex wp-container-core-buttons-is-layout-16018d1d wp-block-buttons-is-layout-flex\">\n<div class=\"wp-block-button\"><a class=\"wp-block-button__link wp-element-button\" href=\"\/web\/como-chegar-em-sao-sebastiao\">Leia mais&#8230;<\/a><\/div>\n<\/div>\n<\/div>\n<\/div>\n\n\n\n<h2 class=\"wp-block-heading\">Fotos de S\u00e3o Sebasti\u00e3o<\/h2>\n\n\n\n<div class=\"wp-block-columns is-layout-flex wp-container-core-columns-is-layout-9d6595d7 wp-block-columns-is-layout-flex\">\n<div class=\"wp-block-column is-layout-flow wp-block-column-is-layout-flow\">\n<figure class=\"wp-block-image size-full\"><img loading=\"lazy\" decoding=\"async\" width=\"500\" height=\"300\" src=\"https:\/\/saosebastiao.tur.br\/web\/wp-content\/uploads\/vela.jpg\" alt=\"\" class=\"wp-image-176\" srcset=\"https:\/\/saosebastiao.tur.br\/web\/wp-content\/uploads\/vela.jpg 500w, https:\/\/saosebastiao.tur.br\/web\/wp-content\/uploads\/vela-300x180.jpg 300w\" sizes=\"auto, (max-width: 500px) 100vw, 500px\" \/><\/figure>\n<\/div>\n\n\n\n<div class=\"wp-block-column is-layout-flow wp-block-column-is-layout-flow\">\n<figure class=\"wp-block-image size-full\"><img loading=\"lazy\" decoding=\"async\" width=\"500\" height=\"300\" src=\"https:\/\/saosebastiao.tur.br\/web\/wp-content\/uploads\/boicucanga.jpg\" alt=\"\" class=\"wp-image-178\" srcset=\"https:\/\/saosebastiao.tur.br\/web\/wp-content\/uploads\/boicucanga.jpg 500w, https:\/\/saosebastiao.tur.br\/web\/wp-content\/uploads\/boicucanga-300x180.jpg 300w\" sizes=\"auto, (max-width: 500px) 100vw, 500px\" \/><\/figure>\n<\/div>\n\n\n\n<div class=\"wp-block-column is-layout-flow wp-block-column-is-layout-flow\">\n<figure class=\"wp-block-image size-full\"><img loading=\"lazy\" decoding=\"async\" width=\"500\" height=\"300\" src=\"https:\/\/saosebastiao.tur.br\/web\/wp-content\/uploads\/camburi.jpg\" alt=\"\" class=\"wp-image-180\" srcset=\"https:\/\/saosebastiao.tur.br\/web\/wp-content\/uploads\/camburi.jpg 500w, https:\/\/saosebastiao.tur.br\/web\/wp-content\/uploads\/camburi-300x180.jpg 300w\" sizes=\"auto, (max-width: 500px) 100vw, 500px\" \/><\/figure>\n<\/div>\n\n\n\n<div class=\"wp-block-column is-layout-flow wp-block-column-is-layout-flow\">\n<figure class=\"wp-block-image size-full\"><img loading=\"lazy\" decoding=\"async\" width=\"500\" height=\"300\" src=\"https:\/\/saosebastiao.tur.br\/web\/wp-content\/uploads\/maresias.jpg\" alt=\"\" class=\"wp-image-181\" srcset=\"https:\/\/saosebastiao.tur.br\/web\/wp-content\/uploads\/maresias.jpg 500w, https:\/\/saosebastiao.tur.br\/web\/wp-content\/uploads\/maresias-300x180.jpg 300w\" sizes=\"auto, (max-width: 500px) 100vw, 500px\" \/><\/figure>\n<\/div>\n\n\n\n<div class=\"wp-block-column is-layout-flow wp-block-column-is-layout-flow\">\n<figure class=\"wp-block-image size-full\"><img loading=\"lazy\" decoding=\"async\" width=\"500\" height=\"300\" src=\"https:\/\/saosebastiao.tur.br\/web\/wp-content\/uploads\/toque-toque-grande.jpg\" alt=\"\" class=\"wp-image-182\" srcset=\"https:\/\/saosebastiao.tur.br\/web\/wp-content\/uploads\/toque-toque-grande.jpg 500w, https:\/\/saosebastiao.tur.br\/web\/wp-content\/uploads\/toque-toque-grande-300x180.jpg 300w\" sizes=\"auto, (max-width: 500px) 100vw, 500px\" \/><\/figure>\n<\/div>\n\n\n\n<div class=\"wp-block-column is-layout-flow wp-block-column-is-layout-flow\">\n<figure class=\"wp-block-image size-full\"><img loading=\"lazy\" decoding=\"async\" width=\"500\" height=\"300\" src=\"https:\/\/saosebastiao.tur.br\/web\/wp-content\/uploads\/toque-toque-pequeno.jpg\" alt=\"\" class=\"wp-image-183\" srcset=\"https:\/\/saosebastiao.tur.br\/web\/wp-content\/uploads\/toque-toque-pequeno.jpg 500w, https:\/\/saosebastiao.tur.br\/web\/wp-content\/uploads\/toque-toque-pequeno-300x180.jpg 300w\" sizes=\"auto, (max-width: 500px) 100vw, 500px\" \/><\/figure>\n<\/div>\n<\/div>\n\n\n\n<p><br><\/p>\n","protected":false},"excerpt":{"rendered":"<p>S\u00e3o Sebasti\u00e3o tem por volta de 100 km. de extens\u00e3o, onde se nota claramente a preserva\u00e7\u00e3o da mata atl\u00e2ntica, desta forma, oferecendo uma grande interatividade com sua fauna e flora. \u00c9 interessante observar que, diferente das praias do litoral sul, que s\u00e3o sempre extensas e com muitas ondas, as praias de S\u00e3o Sebasti\u00e3o reservam sempre&#8230;<\/p>\n","protected":false},"author":1,"featured_media":0,"parent":0,"menu_order":0,"comment_status":"closed","ping_status":"closed","template":"","meta":{"_kadence_starter_templates_imported_post":false,"_kad_post_transparent":"","_kad_post_title":"","_kad_post_layout":"","_kad_post_sidebar_id":"","_kad_post_content_style":"","_kad_post_vertical_padding":"","_kad_post_feature":"","_kad_post_feature_position":"","_kad_post_header":false,"_kad_post_footer":false,"footnotes":""},"class_list":["post-8","page","type-page","status-publish","hentry"],"_links":{"self":[{"href":"https:\/\/saosebastiao.tur.br\/web\/wp-json\/wp\/v2\/pages\/8","targetHints":{"allow":["GET"]}}],"collection":[{"href":"https:\/\/saosebastiao.tur.br\/web\/wp-json\/wp\/v2\/pages"}],"about":[{"href":"https:\/\/saosebastiao.tur.br\/web\/wp-json\/wp\/v2\/types\/page"}],"author":[{"embeddable":true,"href":"https:\/\/saosebastiao.tur.br\/web\/wp-json\/wp\/v2\/users\/1"}],"replies":[{"embeddable":true,"href":"https:\/\/saosebastiao.tur.br\/web\/wp-json\/wp\/v2\/comments?post=8"}],"version-history":[{"count":20,"href":"https:\/\/saosebastiao.tur.br\/web\/wp-json\/wp\/v2\/pages\/8\/revisions"}],"predecessor-version":[{"id":390,"href":"https:\/\/saosebastiao.tur.br\/web\/wp-json\/wp\/v2\/pages\/8\/revisions\/390"}],"wp:attachment":[{"href":"https:\/\/saosebastiao.tur.br\/web\/wp-json\/wp\/v2\/media?parent=8"}],"curies":[{"name":"wp","href":"https:\/\/api.w.org\/{rel}","templated":true}]}}