{"id":87,"date":"2024-08-06T14:17:40","date_gmt":"2024-08-06T17:17:40","guid":{"rendered":"https:\/\/saosebastiao.tur.br\/web\/?page_id=87"},"modified":"2024-08-19T11:00:53","modified_gmt":"2024-08-19T14:00:53","slug":"praia-da-pauba-em-sao-sebastiao","status":"publish","type":"page","link":"https:\/\/saosebastiao.tur.br\/web\/praia-da-pauba-em-sao-sebastiao\/","title":{"rendered":"Praia da Pa\u00faba em S\u00e3o Sebasti\u00e3o"},"content":{"rendered":"\n<p>A Praia do Pa\u00faba est\u00e1 a 25 km de dist\u00e2ncia do centro de S\u00e3o Sebasti\u00e3o e fica localizada entre a praia de Maresias e a praia de Santiago. O acesso \u00e0 praia \u00e9 feito por ruas asfaltadas e no local h\u00e1 vagas dispon\u00edveis para estacionamento ao longo das ruas residenciais.<br>A Pa\u00faba \u00e9 uma praia de tombo com \u00e1guas claras e areia branca, ideal para quem aprecia a calma e tranquilidade e claro, ter um contato com a natureza. Habitualmente o mar \u00e9 tranquilo, ent\u00e3o voc\u00ea vai ver pessoas andando de  caiaques, ou praticando stand up ou mergulho. Quando fica agitado \u00e9 \u00f3timo para quem curte surfar.<br>No canto esquerdo da praia, tem um rio muito calmo e raso bom para aquele banho de \u00e1gua doce.<\/p>\n\n\n\n<div class=\"wp-block-columns is-layout-flex wp-container-core-columns-is-layout-9d6595d7 wp-block-columns-is-layout-flex\">\n<div class=\"wp-block-column is-layout-flow wp-block-column-is-layout-flow\">\n<figure class=\"wp-block-image size-full\"><img loading=\"lazy\" decoding=\"async\" width=\"800\" height=\"533\" src=\"https:\/\/saosebastiao.tur.br\/web\/wp-content\/uploads\/praia-pauba-sao-sebastiao-1.jpg\" alt=\"\" class=\"wp-image-452\" srcset=\"https:\/\/saosebastiao.tur.br\/web\/wp-content\/uploads\/praia-pauba-sao-sebastiao-1.jpg 800w, https:\/\/saosebastiao.tur.br\/web\/wp-content\/uploads\/praia-pauba-sao-sebastiao-1-300x200.jpg 300w, https:\/\/saosebastiao.tur.br\/web\/wp-content\/uploads\/praia-pauba-sao-sebastiao-1-768x512.jpg 768w\" sizes=\"auto, (max-width: 800px) 100vw, 800px\" \/><\/figure>\n<\/div>\n\n\n\n<div class=\"wp-block-column is-layout-flow wp-block-column-is-layout-flow\">\n<figure class=\"wp-block-image size-full\"><img loading=\"lazy\" decoding=\"async\" width=\"800\" height=\"533\" src=\"https:\/\/saosebastiao.tur.br\/web\/wp-content\/uploads\/praia-pauba-sao-sebastiao-2.jpg\" alt=\"\" class=\"wp-image-453\" srcset=\"https:\/\/saosebastiao.tur.br\/web\/wp-content\/uploads\/praia-pauba-sao-sebastiao-2.jpg 800w, https:\/\/saosebastiao.tur.br\/web\/wp-content\/uploads\/praia-pauba-sao-sebastiao-2-300x200.jpg 300w, https:\/\/saosebastiao.tur.br\/web\/wp-content\/uploads\/praia-pauba-sao-sebastiao-2-768x512.jpg 768w\" sizes=\"auto, (max-width: 800px) 100vw, 800px\" \/><\/figure>\n<\/div>\n\n\n\n<div class=\"wp-block-column is-layout-flow wp-block-column-is-layout-flow\">\n<figure class=\"wp-block-image size-full\"><img loading=\"lazy\" decoding=\"async\" width=\"800\" height=\"533\" src=\"https:\/\/saosebastiao.tur.br\/web\/wp-content\/uploads\/praia-pauba-sao-sebastiao-3.jpg\" alt=\"\" class=\"wp-image-454\" srcset=\"https:\/\/saosebastiao.tur.br\/web\/wp-content\/uploads\/praia-pauba-sao-sebastiao-3.jpg 800w, https:\/\/saosebastiao.tur.br\/web\/wp-content\/uploads\/praia-pauba-sao-sebastiao-3-300x200.jpg 300w, https:\/\/saosebastiao.tur.br\/web\/wp-content\/uploads\/praia-pauba-sao-sebastiao-3-768x512.jpg 768w\" sizes=\"auto, (max-width: 800px) 100vw, 800px\" \/><\/figure>\n<\/div>\n\n\n\n<div class=\"wp-block-column is-layout-flow wp-block-column-is-layout-flow\">\n<figure class=\"wp-block-image size-full\"><img loading=\"lazy\" decoding=\"async\" width=\"800\" height=\"533\" src=\"https:\/\/saosebastiao.tur.br\/web\/wp-content\/uploads\/praia-pauba-sao-sebastiao-4.jpg\" alt=\"\" class=\"wp-image-455\" srcset=\"https:\/\/saosebastiao.tur.br\/web\/wp-content\/uploads\/praia-pauba-sao-sebastiao-4.jpg 800w, https:\/\/saosebastiao.tur.br\/web\/wp-content\/uploads\/praia-pauba-sao-sebastiao-4-300x200.jpg 300w, https:\/\/saosebastiao.tur.br\/web\/wp-content\/uploads\/praia-pauba-sao-sebastiao-4-768x512.jpg 768w\" sizes=\"auto, (max-width: 800px) 100vw, 800px\" \/><\/figure>\n<\/div>\n<\/div>\n\n\n\n<div class=\"wp-block-columns is-layout-flex wp-container-core-columns-is-layout-9d6595d7 wp-block-columns-is-layout-flex\">\n<div class=\"wp-block-column is-layout-flow wp-block-column-is-layout-flow\">\n<figure class=\"wp-block-image size-full\"><img loading=\"lazy\" decoding=\"async\" width=\"800\" height=\"533\" src=\"https:\/\/saosebastiao.tur.br\/web\/wp-content\/uploads\/praia-pauba-sao-sebastiao-5.jpg\" alt=\"\" class=\"wp-image-456\" srcset=\"https:\/\/saosebastiao.tur.br\/web\/wp-content\/uploads\/praia-pauba-sao-sebastiao-5.jpg 800w, https:\/\/saosebastiao.tur.br\/web\/wp-content\/uploads\/praia-pauba-sao-sebastiao-5-300x200.jpg 300w, https:\/\/saosebastiao.tur.br\/web\/wp-content\/uploads\/praia-pauba-sao-sebastiao-5-768x512.jpg 768w\" sizes=\"auto, (max-width: 800px) 100vw, 800px\" \/><\/figure>\n<\/div>\n\n\n\n<div class=\"wp-block-column is-layout-flow wp-block-column-is-layout-flow\">\n<figure class=\"wp-block-image size-full\"><img loading=\"lazy\" decoding=\"async\" width=\"800\" height=\"533\" src=\"https:\/\/saosebastiao.tur.br\/web\/wp-content\/uploads\/praia-pauba-sao-sebastiao-6.jpg\" alt=\"\" class=\"wp-image-457\" srcset=\"https:\/\/saosebastiao.tur.br\/web\/wp-content\/uploads\/praia-pauba-sao-sebastiao-6.jpg 800w, https:\/\/saosebastiao.tur.br\/web\/wp-content\/uploads\/praia-pauba-sao-sebastiao-6-300x200.jpg 300w, https:\/\/saosebastiao.tur.br\/web\/wp-content\/uploads\/praia-pauba-sao-sebastiao-6-768x512.jpg 768w\" sizes=\"auto, (max-width: 800px) 100vw, 800px\" \/><\/figure>\n<\/div>\n\n\n\n<div class=\"wp-block-column is-layout-flow wp-block-column-is-layout-flow\">\n<figure class=\"wp-block-image size-full\"><img loading=\"lazy\" decoding=\"async\" width=\"800\" height=\"533\" src=\"https:\/\/saosebastiao.tur.br\/web\/wp-content\/uploads\/praia-pauba-sao-sebastiao-7.jpg\" alt=\"\" class=\"wp-image-458\" srcset=\"https:\/\/saosebastiao.tur.br\/web\/wp-content\/uploads\/praia-pauba-sao-sebastiao-7.jpg 800w, https:\/\/saosebastiao.tur.br\/web\/wp-content\/uploads\/praia-pauba-sao-sebastiao-7-300x200.jpg 300w, https:\/\/saosebastiao.tur.br\/web\/wp-content\/uploads\/praia-pauba-sao-sebastiao-7-768x512.jpg 768w\" sizes=\"auto, (max-width: 800px) 100vw, 800px\" \/><\/figure>\n<\/div>\n\n\n\n<div class=\"wp-block-column is-layout-flow wp-block-column-is-layout-flow\">\n<figure class=\"wp-block-image size-full\"><img loading=\"lazy\" decoding=\"async\" width=\"800\" height=\"533\" src=\"https:\/\/saosebastiao.tur.br\/web\/wp-content\/uploads\/praia-pauba-sao-sebastiao-8.jpg\" alt=\"\" class=\"wp-image-459\" srcset=\"https:\/\/saosebastiao.tur.br\/web\/wp-content\/uploads\/praia-pauba-sao-sebastiao-8.jpg 800w, https:\/\/saosebastiao.tur.br\/web\/wp-content\/uploads\/praia-pauba-sao-sebastiao-8-300x200.jpg 300w, https:\/\/saosebastiao.tur.br\/web\/wp-content\/uploads\/praia-pauba-sao-sebastiao-8-768x512.jpg 768w\" sizes=\"auto, (max-width: 800px) 100vw, 800px\" \/><\/figure>\n<\/div>\n<\/div>\n","protected":false},"excerpt":{"rendered":"<p>A Praia do Pa\u00faba est\u00e1 a 25 km de dist\u00e2ncia do centro de S\u00e3o Sebasti\u00e3o e fica localizada entre a praia de Maresias e a praia de Santiago. O acesso \u00e0 praia \u00e9 feito por ruas asfaltadas e no local h\u00e1 vagas dispon\u00edveis para estacionamento ao longo das ruas residenciais.A Pa\u00faba \u00e9 uma praia de&#8230;<\/p>\n","protected":false},"author":1,"featured_media":0,"parent":0,"menu_order":0,"comment_status":"closed","ping_status":"closed","template":"","meta":{"_kadence_starter_templates_imported_post":false,"_kad_post_transparent":"","_kad_post_title":"","_kad_post_layout":"","_kad_post_sidebar_id":"","_kad_post_content_style":"","_kad_post_vertical_padding":"","_kad_post_feature":"","_kad_post_feature_position":"","_kad_post_header":false,"_kad_post_footer":false,"footnotes":""},"class_list":["post-87","page","type-page","status-publish","hentry"],"_links":{"self":[{"href":"https:\/\/saosebastiao.tur.br\/web\/wp-json\/wp\/v2\/pages\/87","targetHints":{"allow":["GET"]}}],"collection":[{"href":"https:\/\/saosebastiao.tur.br\/web\/wp-json\/wp\/v2\/pages"}],"about":[{"href":"https:\/\/saosebastiao.tur.br\/web\/wp-json\/wp\/v2\/types\/page"}],"author":[{"embeddable":true,"href":"https:\/\/saosebastiao.tur.br\/web\/wp-json\/wp\/v2\/users\/1"}],"replies":[{"embeddable":true,"href":"https:\/\/saosebastiao.tur.br\/web\/wp-json\/wp\/v2\/comments?post=87"}],"version-history":[{"count":3,"href":"https:\/\/saosebastiao.tur.br\/web\/wp-json\/wp\/v2\/pages\/87\/revisions"}],"predecessor-version":[{"id":460,"href":"https:\/\/saosebastiao.tur.br\/web\/wp-json\/wp\/v2\/pages\/87\/revisions\/460"}],"wp:attachment":[{"href":"https:\/\/saosebastiao.tur.br\/web\/wp-json\/wp\/v2\/media?parent=87"}],"curies":[{"name":"wp","href":"https:\/\/api.w.org\/{rel}","templated":true}]}}